{"id":30204,"date":"2022-01-03T12:00:27","date_gmt":"2022-01-03T11:00:27","guid":{"rendered":"https:\/\/www.kuchyne-vega.cz\/new\/?page_id=30204"},"modified":"2026-04-16T15:12:08","modified_gmt":"2026-04-16T14:12:08","slug":"zasady-ochrany-osobnich-udaju","status":"publish","type":"page","link":"https:\/\/www.kuchyne-vega.cz\/new\/zasady-ochrany-osobnich-udaju\/","title":{"rendered":"Z\u00e1sady ochrany osobn\u00edch \u00fadaj\u016f"},"content":{"rendered":"<div class=\"et_pb_section_0 et_pb_section et_section_regular et_block_section\">\n<div class=\"et_pb_row_0 et_pb_row et_block_row\">\n<div class=\"et_pb_column_0 et_pb_column et_pb_column_4_4 et-last-child et_block_column et_pb_css_mix_blend_mode_passthrough\">\n<div class=\"et_pb_post_title_0 et_pb_post_title et_pb_bg_layout_dark et_pb_text_align_left et_pb_module et_block_module\"><div class=\"et_pb_title_container\"><h1 class=\"entry-title\">Z\u00e1sady ochrany osobn\u00edch \u00fadaj\u016f<\/h1><\/div><\/div>\n<\/div>\n<\/div>\n\n<div class=\"et_pb_row_1 et_pb_row et_block_row\">\n<div class=\"et_pb_column_1 et_pb_column et_pb_column_4_4 et-last-child et_block_column et_pb_css_mix_blend_mode_passthrough\">\n<div class=\"et_pb_text_0 et_pb_text et_pb_bg_layout_light et_pb_module et_block_module under-text\"><div class=\"et_pb_text_inner\"><p>vypracovan\u00e9 v souladu s na\u0159\u00edzen\u00edm Evropsk\u00e9ho parlamentu a Rady (EU) 2016\/679 o ochran\u011b fyzick\u00fdch osob p\u0159i zpracov\u00e1v\u00e1n\u00ed osobn\u00edch \u00fadaj\u016f a o voln\u00e9m pohybu takov\u00fdch \u00fadaj\u016f ve smyslu \u010dl\u00e1nk\u016f 13 a 14 na\u0159\u00edzen\u00ed (d\u00e1le jen \u201eGDPR\u201c) a z\u00e1konem \u010d. 110\/2019 Sb. o zpracov\u00e1n\u00ed osobn\u00edch \u00fadaj\u016f (d\u00e1le jen \u201eZ\u00e1kon o zpracov\u00e1n\u00ed osobn\u00edch \u00fadaj\u016f\u201c)<\/p>\n<\/div><\/div>\n<\/div>\n<\/div>\n<\/div>\n\n<div class=\"et_pb_section_1 et_pb_section et_section_regular et_block_section\">\n<div class=\"et_pb_row_2 et_pb_row et_block_row\">\n<div class=\"et_pb_column_2 et_pb_column et_pb_column_4_4 et-last-child et_block_column et_pb_css_mix_blend_mode_passthrough\">\n<div class=\"et_pb_text_1 et_pb_text et_pb_bg_layout_light et_pb_module et_block_module\"><div class=\"et_pb_text_inner\"><h3>Kdo zpracov\u00e1v\u00e1 Va\u0161e \u00fadaje?<\/h3>\n<p>Spr\u00e1vce:<\/p>\n<table cellspacing=\"0\" cellpadding=\"0\">\n<tbody>\n<tr>\n<td valign=\"top\">\n<p>Obchodn\u00ed jm\u00e9no:<\/p>\n<\/td>\n<td valign=\"top\">\n<p>Ing. Jarmila He\u010dlov\u00e1<\/p>\n<\/td>\n<\/tr>\n<tr>\n<td valign=\"top\">\n<p>S\u00eddlo:<\/p>\n<\/td>\n<td valign=\"top\">\n<p>Mikulova 1575\/16, 149 00 Praha<span class=\"Apple-converted-space\">\u00a0<\/span><\/p>\n<\/td>\n<\/tr>\n<tr>\n<td valign=\"top\">\n<p>I\u010cO:<\/p>\n<\/td>\n<td valign=\"top\">\n<p>034 73 481<\/p>\n<\/td>\n<\/tr>\n<tr>\n<td valign=\"top\">\n<p>Pr\u00e1vn\u00ed forma:<\/p>\n<\/td>\n<td valign=\"top\">\n<p>Fyzick\u00e1 osoba podnikaj\u00edc\u00ed dle \u017eivnostensk\u00e9ho z\u00e1kona<\/p>\n<\/td>\n<\/tr>\n<tr>\n<td valign=\"top\">\n<p>\u017divnostensk\u00fd rejst\u0159\u00edk:<\/p>\n<\/td>\n<td valign=\"top\">\n<p>\u00dazemn\u00ed pracovi\u0161t\u011b pro Prahu \u2013 Ji\u017en\u00ed M\u011bsto<\/p>\n<\/td>\n<\/tr>\n<tr>\n<td valign=\"top\">\n<p>Majitel \/ OSV\u010c:<\/p>\n<\/td>\n<td valign=\"top\">\n<p><span>Ing. Jarmila He\u010dlov\u00e1<\/span><\/p>\n<\/td>\n<\/tr>\n<tr>\n<td valign=\"top\">\n<p>Kontakt:<\/p>\n<\/td>\n<td valign=\"top\">\n<p>+420 777 777 661, heclova@kuchyne-vega.cz<span class=\"Apple-converted-space\">\u00a0 \u00a0<\/span><\/p>\n<\/td>\n<\/tr>\n<\/tbody>\n<\/table>\n<p>&nbsp;<\/p>\n<h3>Co je to osobn\u00ed \u00fadaj?<\/h3>\n<p>Osobn\u00edm \u00fadajem je prakticky jak\u00e1koli informace, kter\u00e1 dok\u00e1\u017ee \u017eij\u00edc\u00ed fyzickou osobu identifikovat p\u0159\u00edmo nebo jej\u00edm \u00fa\u010delem je dosa\u017een\u00ed takov\u00e9 osoby. Osobn\u00ed \u00fadaje lze d\u011blit na obecn\u00e9 (nap\u0159. jm\u00e9no a p\u0159\u00edjmen\u00ed, v\u011bk, telefonn\u00ed \u010d\u00edslo, m\u00edsto narozen\u00ed, osobn\u00ed stav apod.) a citliv\u00e9 (dnes jsou ozna\u010dov\u00e1ny jako zvl\u00e1\u0161tn\u00ed kategorie osobn\u00edch \u00fadaj\u016f, p\u0159i\u010dem\u017e se jedn\u00e1 pouze o tyto osobn\u00ed \u00fadaje \u2013 biometrick\u00e9 \u00fadaje, \u010dlenstv\u00ed v odborov\u00e9 organizaci\/politick\u00e9 stran\u011b, etnick\u00fd p\u016fvod, filozofick\u00e9 vyzn\u00e1n\u00ed, genetick\u00e9 \u00fadaje, informace o odsouzen\u00ed a trestn\u00ed delikty, n\u00e1bo\u017eensk\u00e9 vyzn\u00e1n\u00ed, politick\u00e9 n\u00e1zory, rasov\u00fd p\u016fvod sexu\u00e1ln\u00ed orientace\/\u017eivot, zdravotn\u00ed stav).<\/p>\n<h3>Co je zpracov\u00e1n\u00ed osobn\u00edch \u00fadaj\u016f?<\/h3>\n<p>Zpracov\u00e1n\u00edm osobn\u00edch \u00fadaj\u016f se rozum\u00ed systematick\u00e1 \u010dinnost, kterou spr\u00e1vce prov\u00e1d\u00ed s osobn\u00edmi \u00fadaji za ur\u010dit\u00fdm \u00fa\u010delem. \u010cinnost\u00ed dle p\u0159edchoz\u00ed v\u011bty je zejm\u00e9na: shrom\u00e1\u017ed\u011bn\u00ed, zaznamen\u00e1n\u00ed, uspo\u0159\u00e1d\u00e1n\u00ed, strukturov\u00e1n\u00ed, ulo\u017een\u00ed, p\u0159izp\u016fsoben\u00ed nebo pozm\u011bn\u011bn\u00ed, vyhled\u00e1n\u00ed, nahl\u00e9dnut\u00ed, pou\u017eit\u00ed, zp\u0159\u00edstupn\u011bn\u00ed p\u0159enosem, \u0161\u00ed\u0159en\u00ed nebo jak\u00e9koliv jin\u00e9 zp\u0159\u00edstupn\u011bn\u00ed, se\u0159azen\u00ed \u010di zkombinov\u00e1n\u00ed, omezen\u00ed, v\u00fdmaz nebo zni\u010den\u00ed.<span class=\"Apple-converted-space\">\u00a0<\/span><\/p>\n<h3>Zdroje a kategorie osobn\u00edch \u00fadaj\u016f:<\/h3>\n<p>Spr\u00e1vce zpracov\u00e1v\u00e1 osobn\u00ed \u00fadaje (p\u0159\u00edmo od v\u00e1s) kter\u00e9 jste mu poskytli, nebo osobn\u00ed \u00fadaje, kter\u00e9 z\u00edskal na z\u00e1klad\u011b pln\u011bn\u00ed Va\u0161\u00ed objedn\u00e1vky.<br \/>Va\u0161e identifika\u010dn\u00ed a kontaktn\u00ed \u00fadaje a \u00fadaje nezbytn\u00e9 k pln\u011bn\u00ed smlouvy.<\/p>\n<h3>Z\u00e1konn\u00fd d\u016fvod a \u00fa\u010del zpracov\u00e1n\u00ed<\/h3>\n<p><b><i>Z\u00e1konn\u00fdm d\u016fvodem zpracov\u00e1n\u00ed je:<\/i><\/b><\/p>\n<p>V\u00e1\u0161 souhlas se zpracov\u00e1n\u00edm osobn\u00edch \u00fadaj\u016f za \u00fa\u010delem poskytov\u00e1n\u00ed p\u0159\u00edm\u00e9ho marketingu podle \u010dl. 6 odst. 1 p\u00edsm. a) GDPR<\/p>\n<p>Pro \u00fa\u010del uzav\u0159en\u00ed a pln\u011bn\u00ed smlouvy (tj. v souladu s poskytov\u00e1n\u00edm na\u0161ich slu\u017eeb) zpracov\u00e1v\u00e1me Va\u0161e osobn\u00ed \u00fadaje dle ustanoven\u00ed \u010dl. 6 odst. 1 p\u00edsm. b) GDPR. Pr\u00e1vn\u00edm z\u00e1kladem zpracov\u00e1n\u00ed Va\u0161ich obecn\u00fdch osobn\u00edch \u00fadaj\u016f je tedy smlouva.<\/p>\n<p>Jakmile bude smlouva spln\u011bna, mus\u00edme Va\u0161e osobn\u00ed \u00fadaje archivovat po dobu, kterou p\u0159edv\u00eddaj\u00ed p\u0159\u00edslu\u0161n\u00e9 pr\u00e1vn\u00ed p\u0159edpisy. Zde je pr\u00e1vn\u00edm d\u016fvodem zpracov\u00e1n\u00ed Va\u0161ich obecn\u00fdch osobn\u00edch \u00fadaj\u016f spln\u011bn\u00ed pr\u00e1vn\u00ed povinnosti, co\u017e stanov\u00ed \u010dl. 6 odst. 1 p\u00edsm. c) GDPR.<\/p>\n<p><b><i>\u00da\u010delem zpracov\u00e1n\u00ed osobn\u00edch \u00fadaj\u016f je:<\/i><\/b><\/p>\n<p>Vy\u0159\u00edzen\u00ed Va\u0161\u00ed objedn\u00e1vky a v\u00fdkon pr\u00e1v a povinnost\u00ed vypl\u00fdvaj\u00edc\u00edch ze smluvn\u00edho vztahu mezi V\u00e1mi a Spr\u00e1vcem. P\u0159i objedn\u00e1vce jsou vy\u017eadov\u00e1ny osobn\u00ed \u00fadaje nezbytn\u00e9 pro \u00fasp\u011b\u0161n\u00e9 vy\u0159\u00edzen\u00ed objedn\u00e1vky podle \u010dl. 6 odst. 1 p\u00edsm. b) Na\u0159\u00edzen\u00ed (s t\u00edm souvis\u00ed i n\u00e1sledn\u00e9 uskute\u010dn\u011bn\u00ed platby, dod\u00e1n\u00ed slu\u017eeb, vy\u0159izov\u00e1n\u00ed reklamace apod.); Va\u0161e osobn\u00ed \u00fadaje, kter\u00e9 n\u00e1m poskytnete, vyu\u017e\u00edv\u00e1me k tomu, abychom s V\u00e1mi mohli smlouvu uzav\u0159\u00edt a je-li mezi n\u00e1mi smlouva ji\u017e uzav\u0159ena, pak je vyu\u017e\u00edv\u00e1me, abychom ji mohli splnit. Zpracov\u00e1n\u00ed osobn\u00edch \u00fadaj\u016f z\u00e1kazn\u00edka prob\u00edh\u00e1 bez souhlasu z\u00e1kazn\u00edka, jeliko\u017e pr\u00e1vn\u00edm z\u00e1kladem zpracov\u00e1n\u00ed jeho osobn\u00edch \u00fadaj\u016f pro \u00fa\u010dely pln\u011bn\u00ed smlouvy je konkr\u00e9tn\u00ed smlouva mezi z\u00e1kazn\u00edkem a spr\u00e1vcem. Poskytnut\u00ed osobn\u00edch \u00fadaj\u016f je nezbytn\u00fd po\u017eadavek na uzav\u0159en\u00ed a pln\u011bn\u00ed smlouvy, bez poskytnut\u00ed osobn\u00edch \u00fadaj\u016f nen\u00ed mo\u017en\u00e9 uzav\u0159\u00edt smlouvu \u010di ze strany spr\u00e1vce plnit jej\u00ed podm\u00ednky.<\/p>\n<h3>Jak\u00e9 osobn\u00ed \u00fadaje a v jak\u00e9m rozsahu budeme zpracov\u00e1vat?<\/h3>\n<p>Abychom V\u00e1m mohli poskytovat na\u0161e slu\u017eby, pot\u0159ebujeme k tomu zn\u00e1t n\u00e1sleduj\u00edc\u00ed osobn\u00ed \u00fadaje:<span class=\"Apple-converted-space\">\u00a0<\/span><\/p>\n<ul>\n<li>obecn\u00e9 osobn\u00ed \u00fadaje: jm\u00e9no a p\u0159\u00edjmen\u00ed, adresu trval\u00e9ho pobytu, adresu dod\u00e1n\u00ed slu\u017eeb nebo zbo\u017e\u00ed, Va\u0161e telefonn\u00ed \u010d\u00edslo a e-mail.<\/li>\n<\/ul>\n<p>&nbsp;<\/p>\n<h3>Jak dlouho budeme \u00fadaje uchov\u00e1vat?<\/h3>\n<p>Va\u0161e osobn\u00ed \u00fadaje budeme uchov\u00e1vat po celou dobu, co budeme plnit na\u0161i vz\u00e1jemnou smlouvu. Po skon\u010den\u00ed smluvn\u00edho vztahu budeme Va\u0161e osobn\u00ed \u00fadaje uchov\u00e1vat tak dlouho, abychom splnili nezbytnou archiva\u010dn\u00ed povinnost podle pr\u00e1vn\u00edch p\u0159edpis\u016f, kter\u00e9 archivaci p\u0159edpokl\u00e1daj\u00ed (t\u011bmito p\u0159edpisy jsou nap\u0159. z\u00e1kon o \u00fa\u010detnictv\u00ed, z\u00e1kon o dani z p\u0159idan\u00e9 hodnoty, z\u00e1kon o archivnictv\u00ed a evidenci).<span class=\"Apple-converted-space\">\u00a0<\/span><\/p>\n<h3>Komu d\u00e1le p\u0159ed\u00e1v\u00e1me Va\u0161e osobn\u00ed \u00fadaje?<\/h3>\n<p>Va\u0161e osobn\u00ed \u00fadaje mohou b\u00fdt p\u0159ed\u00e1v\u00e1ny tomuto okruhu osob: poskytovatel\u00e9 pr\u00e1vn\u00edch, da\u0148ov\u00fdch a \u00fa\u010detn\u00edch slu\u017eeb, poskytovatel\u00e9 technick\u00fdch \u0159e\u0161en\u00ed.<span class=\"Apple-converted-space\">\u00a0<\/span><\/p>\n<p>Va\u0161e osobn\u00ed \u00fadaje mohou b\u00fdt rovn\u011b\u017e p\u0159ed\u00e1v\u00e1ny org\u00e1n\u016fm ve\u0159ejn\u00e9 spr\u00e1vy a soud\u016fm, to v\u0161ak pouze za p\u0159edpokladu, \u017ee tak stanov\u00ed zvl\u00e1\u0161tn\u00ed pr\u00e1vn\u00ed p\u0159edpis, nebo k tomu d\u00e1te v\u00fdslovn\u00fd souhlas.<\/p>\n<p>Na\u0161im zpracovatel\u016fm jsou Va\u0161e osobn\u00ed \u00fadaje p\u0159ed\u00e1v\u00e1ny v\u017edy na z\u00e1klad\u011b zpracovatelsk\u00e9 smlouvy a v souladu s minim\u00e1ln\u00edm po\u017eadovan\u00fdm standardem ochrany osobn\u00edch \u00fadaj\u016f, kter\u00e9 GDPR po\u017eaduje.<\/p>\n<p>Spr\u00e1vce neposkytuje, nezve\u0159ej\u0148uje a nezp\u0159\u00edstup\u0148uje osobn\u00ed \u00fadaje do t\u0159et\u00edch zem\u00ed.<\/p>\n<h3>Podm\u00ednky zabezpe\u010den\u00ed osobn\u00edch \u00fadaj\u016f<\/h3>\n<p>Spr\u00e1vce prohla\u0161uje, \u017ee p\u0159ijal vhodn\u00e1 person\u00e1ln\u00ed, technick\u00e1 a organiza\u010dn\u00ed opat\u0159en\u00ed k zaji\u0161t\u011bn\u00ed ochrany osobn\u00edch \u00fadaj\u016f.<\/p>\n<p>Spr\u00e1vce p\u0159ijal technick\u00e1 opat\u0159en\u00ed k zabezpe\u010den\u00ed datov\u00fdch \u00falo\u017ei\u0161\u0165 a \u00falo\u017ei\u0161\u0165 osobn\u00edch \u00fadaj\u016f ve spisov\u00e9 podob\u011b.<\/p>\n<p>Spr\u00e1vce prohla\u0161uje, \u017ee k osobn\u00edm \u00fadaj\u016fm maj\u00ed p\u0159\u00edstup v\u00fdlu\u010dn\u011b j\u00edm pov\u011b\u0159en\u00e9 osoby.<\/p>\n<p>V r\u00e1mci \u010dinnost\u00ed zpracov\u00e1n\u00ed osobn\u00edch \u00fadaj\u016f, kter\u00e9 p\u0159i na\u0161\u00ed \u010dinnosti prov\u00e1d\u00edme, nedoch\u00e1z\u00ed k automatick\u00e9mu rozhodov\u00e1n\u00ed ani k profilov\u00e1n\u00ed.<span class=\"Apple-converted-space\">\u00a0<\/span><\/p>\n<p><b><\/b><\/p>\n<h3>Jak\u00e1 jsou Va\u0161e pr\u00e1va v souvislosti se zpracov\u00e1n\u00edm Va\u0161ich osobn\u00edch \u00fadaj\u016f?<\/h3>\n<p>Za podm\u00ednek stanoven\u00fdch v GDPR m\u00e1te:<\/p>\n<ul>\n<li>pr\u00e1vo na p\u0159\u00edstup ke sv\u00fdm osobn\u00edm \u00fadaj\u016fm podle \u010dl. 15 GDPR,<\/li>\n<li>pr\u00e1vo na opravu osobn\u00edch \u00fadaj\u016f dle \u010dl. 16 GDPR,<\/li>\n<li>pr\u00e1vo na omezen\u00ed zpracov\u00e1n\u00ed,<\/li>\n<li>pr\u00e1vo na v\u00fdmaz dle \u010dl. 17 GDPR,<\/li>\n<li>pr\u00e1vo nam\u00edtat podle \u010dl\u00e1nku 21 GDPR,<\/li>\n<li>pr\u00e1vo na p\u0159enesen\u00ed osobn\u00edch \u00fadaj\u016f podle \u010dl\u00e1nku 21 GDPR,<\/li>\n<li>pr\u00e1vo odvolat souhlas (elektronicky, nebo na koresponden\u010dn\u00ed adresu),<\/li>\n<li>pr\u00e1vo podat st\u00ed\u017enost \u00fa\u0159adu na ochranu osobn\u00edch \u00fadaj\u016f v p\u0159\u00edpad\u011b, \u017ee se domn\u00edv\u00e1te, \u017ee do\u0161lo k poru\u0161en\u00ed va\u0161ich pr\u00e1v na ochranu osobn\u00edch \u00fadaj\u016f.<\/li>\n<\/ul>\n<p><span><b><\/b><\/span><\/p>\n<h3>Jak m\u016f\u017eete naplnit sv\u00e1 pr\u00e1va?<\/h3>\n<p><span><b><i>Pr\u00e1vo na p\u0159\u00edstup<span class=\"Apple-converted-space\">\u00a0<\/span><\/i><\/b><\/span><\/p>\n<p>Na z\u00e1klad\u011b Va\u0161\u00ed \u017e\u00e1dosti V\u00e1m mus\u00edme sd\u011blit, zda zpracov\u00e1v\u00e1me, nebo nezpracov\u00e1v\u00e1me Va\u0161e osobn\u00ed \u00fadaje. V p\u0159\u00edpad\u011b, \u017ee je zpracov\u00e1v\u00e1me, pak m\u00e1te pr\u00e1vo na to, abychom V\u00e1m sd\u011blili:<span class=\"Apple-converted-space\">\u00a0<\/span><\/p>\n<ul>\n<li>za jak\u00fdm \u00fa\u010delem Va\u0161e \u00fadaje zpracov\u00e1v\u00e1me,<\/li>\n<li>v jak\u00e9m rozsahu jsou tyto \u00fadaje zpracov\u00e1v\u00e1ny,<\/li>\n<li>jak dlouho budou uchov\u00e1v\u00e1ny,<\/li>\n<li>komu budou zp\u0159\u00edstupn\u011bny,<\/li>\n<li>zda m\u016f\u017eete podat st\u00ed\u017enost \u00da\u0159adu pro ochranu osobn\u00edch \u00fadaj\u016f.<\/li>\n<\/ul>\n<p>\u017d\u00e1dost m\u016f\u017eete podat elektronicky, na emailovou adresu <a href=\"mailto:heclova@kuchyne-vega.cz\"><span>heclova@kuchyne-vega.cz<\/span><\/a>, nebo po\u0161tou na adresu: Mikulova 1575\/16, 149 00 Praha.<\/p>\n<p><span><b><i><\/i><\/b><\/span><\/p>\n<p><span><b><i>Pr\u00e1vo na opravu<span class=\"Apple-converted-space\">\u00a0<\/span><\/i><\/b><\/span><\/p>\n<p>Pokud se domn\u00edv\u00e1te, \u017ee zpracov\u00e1v\u00e1me Va\u0161e nespr\u00e1vn\u00e9 (nep\u0159esn\u00e9) osobn\u00ed \u00fadaje, pak m\u00e1te pr\u00e1vo na jejich opravu. V p\u0159\u00edpad\u011b, \u017ee takovou nep\u0159esnost ve sv\u00fdch osobn\u00edch \u00fadaj\u00edch zjist\u00edte, dejte n\u00e1m to na v\u011bdom\u00ed a my bez zbyte\u010dn\u00e9ho odkladu provedeme n\u00e1pravu. \u017d\u00e1dost m\u016f\u017eete podat elektronicky, na emailovou adresu <a href=\"mailto:heclova@kuchyne-vega.cz\"><span>heclova@kuchyne-vega.cz<\/span><\/a>, nebo po\u0161tou na adresu: <br \/>Mikulova 1575\/16, 149 00 Praha.<\/p>\n<p>&nbsp;<\/p>\n<p><span><b><i>Pr\u00e1vo na vymaz\u00e1n\u00ed<\/i><\/b><\/span><\/p>\n<p>Za ur\u010dit\u00fdch okolnost\u00ed m\u00e1te pr\u00e1vo, abychom Va\u0161e osobn\u00ed \u00fadaje vymazali. O vymaz\u00e1n\u00ed Va\u0161ich \u00fadaj\u016f n\u00e1s m\u016f\u017eete po\u017e\u00e1dat kdykoli. Va\u0161e osobn\u00ed \u00fadaje vyma\u017eeme, pokud:<\/p>\n<ul>\n<li>ji\u017e va\u0161e osobn\u00ed \u00fadaje nepot\u0159ebujeme pro \u00fa\u010del, pro kter\u00fd jste n\u00e1m je poskytli,<\/li>\n<li>odvol\u00e1te sv\u016fj souhlas,<\/li>\n<li>nam\u00edt\u00e1te v\u016f\u010di zpracov\u00e1n\u00ed va\u0161ich osobn\u00edch \u00fadaj\u016f,<\/li>\n<li>zpracov\u00e1v\u00e1me Va\u0161e osobn\u00ed \u00fadaje nez\u00e1konn\u011b,<\/li>\n<li>osobn\u00ed \u00fadaje mus\u00ed b\u00fdt vymaz\u00e1ny, aby se t\u00edm splnila z\u00e1konn\u00e1 povinnost,<\/li>\n<li>jste-li d\u00edt\u011b, p\u0159\u00edp. rodi\u010d d\u00edt\u011bte, kter\u00e9 souhlasilo se zpracov\u00e1n\u00edm osobn\u00edch \u00fadaj\u016f p\u0159es internet.<\/li>\n<\/ul>\n<p><span><b><i><\/i><\/b><\/span><\/p>\n<p><span><b><i>Pr\u00e1vo na omezen\u00ed zpracov\u00e1n\u00ed<\/i><\/b><\/span><\/p>\n<p>M\u016f\u017eete n\u00e1s po\u017e\u00e1dat, abychom omezili zpracov\u00e1n\u00ed va\u0161ich osobn\u00edch \u00fadaj\u016f. Pokud Va\u0161\u00ed \u017e\u00e1dosti vyhov\u00edme, Va\u0161e osobn\u00ed \u00fadaje budeme pouze uchov\u00e1vat a d\u00e1le s nimi pracovat nebudeme.<br \/>K omezen\u00ed zpracov\u00e1n\u00ed Va\u0161ich \u00fadaj\u016f dojde, pokud:<\/p>\n<ul>\n<li>va\u0161e osobn\u00ed \u00fadaje jsou nespr\u00e1vn\u00e9 a to dokud neov\u011b\u0159\u00edme jejich spr\u00e1vnost,<\/li>\n<li>zpracov\u00e1v\u00e1me osobn\u00ed \u00fadaje nez\u00e1konn\u011b, av\u0161ak Vy nesouhlas\u00edte s jejich vymaz\u00e1n\u00edm a na m\u00edsto toho \u017e\u00e1d\u00e1te, abychom zpracov\u00e1n\u00ed Va\u0161ich osobn\u00edch \u00fadaj\u016f jen omezili,<\/li>\n<li>va\u0161e \u00fadaje ji\u017e nepot\u0159ebujeme, ale pot\u0159ebujete je Vy k prok\u00e1z\u00e1n\u00ed, uplat\u0148ov\u00e1n\u00ed nebo obhajov\u00e1n\u00ed sv\u00fdch pr\u00e1v,<\/li>\n<li>nam\u00edt\u00e1te v\u016f\u010di zpracov\u00e1n\u00ed Va\u0161ich osobn\u00edch \u00fadaj\u016f a to dokud neov\u011b\u0159\u00edme, zda na\u0161e opr\u00e1vn\u011bn\u00e9 z\u00e1jmy p\u0159eva\u017euj\u00ed nad va\u0161imi d\u016fvody.<\/li>\n<\/ul>\n<p><span><b><i><\/i><\/b><\/span><\/p>\n<p><span><b><i>Pr\u00e1vo na p\u0159enosnost dat<\/i><\/b><\/span><\/p>\n<p>M\u00e1te pr\u00e1vo \u017e\u00e1dat, abychom V\u00e1m poskytli Va\u0161e osobn\u00ed \u00fadaje v elektronick\u00e9 form\u011b (nap\u0159. soubor XML nebo CSV), kter\u00e1 V\u00e1m umo\u017en\u00ed snadno si p\u0159en\u00e9st data do jin\u00e9 spole\u010dnosti. Tak\u00e9 n\u00e1s m\u016f\u017eete po\u017e\u00e1dat, abychom Va\u0161e osobn\u00ed \u00fadaje p\u0159enesli vybran\u00e9 spole\u010dnosti p\u0159\u00edmo my. Va\u0161\u00ed \u017e\u00e1dosti vyhov\u00edme v p\u0159\u00edpad\u011b, \u017ee jste n\u00e1m poskytli osobn\u00ed \u00fadaje p\u0159\u00edmo Vy a dali jste n\u00e1m k jejich zpracov\u00e1n\u00ed souhlas<\/p>\n<p><span><b><i><\/i><\/b><\/span><\/p>\n<p><span><b><i>Pr\u00e1vo nam\u00edtat<\/i><\/b><\/span><\/p>\n<p><b>M\u00e1te pr\u00e1vo nam\u00edtat, \u017ee zpracov\u00e1v\u00e1me Va\u0161e osobn\u00ed \u00fadaje. Pokud Va\u0161e osobn\u00ed \u00fadaje zpracov\u00e1v\u00e1me v n\u00e1sleduj\u00edc\u00edch p\u0159\u00edpadech:<\/b><\/p>\n<ul>\n<li>z\u00a0d\u016fvodu na\u0161eho opr\u00e1vn\u011bn\u00e9ho z\u00e1jmu,<\/li>\n<li>vytv\u00e1\u0159en\u00ed z\u00e1kaznick\u00e9ho profilu,<\/li>\n<li>m\u016f\u017eete nam\u00edtat jejich zpracov\u00e1n\u00ed, m\u00e1te-li k tomu osobn\u00ed d\u016fvody.<\/li>\n<\/ul>\n<p>&nbsp;<\/p>\n<h3>Jak m\u016f\u017eete tato pr\u00e1va vykon\u00e1vat?<\/h3>\n<p>S Va\u0161\u00ed \u017e\u00e1dost\u00ed se m\u016f\u017eete na n\u00e1s obr\u00e1tit n\u011bkter\u00fdm z t\u011bchto zp\u016fsob\u016f:<\/p>\n<p>Emailem: <a href=\"mailto:heclova@kuchyne-vega.cz\"><span>heclova@kuchyne-vega.cz<\/span><\/a>, nebo po\u0161tou na adresu: Mikulova 1575\/16, 149 00 Praha.<\/p>\n<p>&nbsp;<\/p>\n<p><b>V p\u0159\u00edpad\u011b, \u017ee se domn\u00edv\u00e1te, \u017ee do\u0161lo k poru\u0161en\u00ed Va\u0161ich pr\u00e1v na ochranu osobn\u00edch \u00fadaj\u016f m\u00e1te pr\u00e1vo podat st\u00ed\u017enost dozor\u010d\u00edmu org\u00e1nu kter\u00fdm je \u00da\u0159ad na ochranu osobn\u00edch \u00fadaj\u016f na adrese:<\/b><\/p>\n<p>\u00da\u0159ad pro ochranu osobn\u00edch \u00fadaj\u016f<br \/>Pplk. Sochora 27<br \/>170 00 Praha 7<\/p>\n<p>I\u010cO:<b> <\/b>70837627<\/p>\n<p><b>Telefon: <br \/><\/b>\u00fast\u0159edna: +420 234 665 111\u00a0(neposkytuje konzultace)<br \/>informace: +420 234 665 800 (informa\u010dn\u00ed linka je k dispozici v\u017edy v \u00fater\u00fd a\u00a0\u010dtvrtek<span class=\"Apple-converted-space\"> o<\/span>d 13.00 do 15.30)<\/p>\n<p><span><b>WWW:<\/b>\u00a0<a href=\"https:\/\/www.uoou.gov.cz\">https:\/\/www.uoou.gov.cz<\/a><\/span><\/p>\n<p><span><b>E-mail: <\/b><a href=\"mailto:posta@uoou.gov.cz\">posta@uoou.gov.cz<\/a><\/span><\/p>\n<p><b>ID datov\u00e9 schr\u00e1nky: <\/b>qkbaa2n\u00a0<\/p>\n<p>&nbsp;<\/p>\n<p>Tyto z\u00e1sady ochrany osobn\u00edch \u00fadaj\u016f jsou platn\u00e9 a \u00fa\u010dinn\u00e9 od: 24. 04. 2019.<\/p>\n<p>Aktualizace dne: 4. 3. 2026.<\/p>\n<p>&nbsp;<\/p>\n<p>&nbsp;<\/p>\n<\/div><\/div>\n<\/div>\n<\/div>\n<\/div>","protected":false},"excerpt":{"rendered":"","protected":false},"author":1,"featured_media":0,"parent":0,"menu_order":31,"comment_status":"closed","ping_status":"closed","template":"","meta":{"footnotes":""},"difl_page_category":[],"class_list":["post-30204","page","type-page","status-publish","hentry"],"yoast_head":"<!-- This site is optimized with the Yoast SEO plugin v27.4 - https:\/\/yoast.com\/product\/yoast-seo-wordpress\/ -->\n<title>Z\u00e1sady ochrany osobn\u00edch \u00fadaj\u016f - Interi\u00e9ry Vega<\/title>\n<meta name=\"robots\" content=\"index, follow, max-snippet:-1, max-image-preview:large, max-video-preview:-1\" \/>\n<link rel=\"canonical\" href=\"https:\/\/www.kuchyne-vega.cz\/new\/zasady-ochrany-osobnich-udaju\/\" \/>\n<meta property=\"og:locale\" content=\"cs_CZ\" \/>\n<meta property=\"og:type\" content=\"article\" \/>\n<meta property=\"og:title\" content=\"Z\u00e1sady ochrany osobn\u00edch \u00fadaj\u016f - Interi\u00e9ry Vega\" \/>\n<meta property=\"og:url\" content=\"https:\/\/www.kuchyne-vega.cz\/new\/zasady-ochrany-osobnich-udaju\/\" \/>\n<meta property=\"og:site_name\" content=\"Interi\u00e9ry Vega\" \/>\n<meta property=\"article:modified_time\" content=\"2026-04-16T14:12:08+00:00\" \/>\n<meta name=\"twitter:card\" content=\"summary_large_image\" \/>\n<script type=\"application\/ld+json\" class=\"yoast-schema-graph\">{\"@context\":\"https:\\\/\\\/schema.org\",\"@graph\":[{\"@type\":\"WebPage\",\"@id\":\"https:\\\/\\\/www.kuchyne-vega.cz\\\/new\\\/zasady-ochrany-osobnich-udaju\\\/\",\"url\":\"https:\\\/\\\/www.kuchyne-vega.cz\\\/new\\\/zasady-ochrany-osobnich-udaju\\\/\",\"name\":\"Z\u00e1sady ochrany osobn\u00edch \u00fadaj\u016f - Interi\u00e9ry Vega\",\"isPartOf\":{\"@id\":\"https:\\\/\\\/www.kuchyne-vega.cz\\\/new\\\/#website\"},\"datePublished\":\"2022-01-03T11:00:27+00:00\",\"dateModified\":\"2026-04-16T14:12:08+00:00\",\"breadcrumb\":{\"@id\":\"https:\\\/\\\/www.kuchyne-vega.cz\\\/new\\\/zasady-ochrany-osobnich-udaju\\\/#breadcrumb\"},\"inLanguage\":\"cs\",\"potentialAction\":[{\"@type\":\"ReadAction\",\"target\":[\"https:\\\/\\\/www.kuchyne-vega.cz\\\/new\\\/zasady-ochrany-osobnich-udaju\\\/\"]}]},{\"@type\":\"BreadcrumbList\",\"@id\":\"https:\\\/\\\/www.kuchyne-vega.cz\\\/new\\\/zasady-ochrany-osobnich-udaju\\\/#breadcrumb\",\"itemListElement\":[{\"@type\":\"ListItem\",\"position\":1,\"name\":\"\u00davod\",\"item\":\"https:\\\/\\\/www.kuchyne-vega.cz\\\/new\\\/\"},{\"@type\":\"ListItem\",\"position\":2,\"name\":\"Z\u00e1sady ochrany osobn\u00edch \u00fadaj\u016f\"}]},{\"@type\":\"WebSite\",\"@id\":\"https:\\\/\\\/www.kuchyne-vega.cz\\\/new\\\/#website\",\"url\":\"https:\\\/\\\/www.kuchyne-vega.cz\\\/new\\\/\",\"name\":\"Interi\u00e9ry Vega\",\"description\":\"N\u00e1bytek a kuchyn\u011b pro V\u00e1\u0161 domov\",\"potentialAction\":[{\"@type\":\"SearchAction\",\"target\":{\"@type\":\"EntryPoint\",\"urlTemplate\":\"https:\\\/\\\/www.kuchyne-vega.cz\\\/new\\\/?s={search_term_string}\"},\"query-input\":{\"@type\":\"PropertyValueSpecification\",\"valueRequired\":true,\"valueName\":\"search_term_string\"}}],\"inLanguage\":\"cs\"}]}<\/script>\n<!-- \/ Yoast SEO plugin. -->","yoast_head_json":{"title":"Z\u00e1sady ochrany osobn\u00edch \u00fadaj\u016f - Interi\u00e9ry Vega","robots":{"index":"index","follow":"follow","max-snippet":"max-snippet:-1","max-image-preview":"max-image-preview:large","max-video-preview":"max-video-preview:-1"},"canonical":"https:\/\/www.kuchyne-vega.cz\/new\/zasady-ochrany-osobnich-udaju\/","og_locale":"cs_CZ","og_type":"article","og_title":"Z\u00e1sady ochrany osobn\u00edch \u00fadaj\u016f - Interi\u00e9ry Vega","og_url":"https:\/\/www.kuchyne-vega.cz\/new\/zasady-ochrany-osobnich-udaju\/","og_site_name":"Interi\u00e9ry Vega","article_modified_time":"2026-04-16T14:12:08+00:00","twitter_card":"summary_large_image","schema":{"@context":"https:\/\/schema.org","@graph":[{"@type":"WebPage","@id":"https:\/\/www.kuchyne-vega.cz\/new\/zasady-ochrany-osobnich-udaju\/","url":"https:\/\/www.kuchyne-vega.cz\/new\/zasady-ochrany-osobnich-udaju\/","name":"Z\u00e1sady ochrany osobn\u00edch \u00fadaj\u016f - Interi\u00e9ry Vega","isPartOf":{"@id":"https:\/\/www.kuchyne-vega.cz\/new\/#website"},"datePublished":"2022-01-03T11:00:27+00:00","dateModified":"2026-04-16T14:12:08+00:00","breadcrumb":{"@id":"https:\/\/www.kuchyne-vega.cz\/new\/zasady-ochrany-osobnich-udaju\/#breadcrumb"},"inLanguage":"cs","potentialAction":[{"@type":"ReadAction","target":["https:\/\/www.kuchyne-vega.cz\/new\/zasady-ochrany-osobnich-udaju\/"]}]},{"@type":"BreadcrumbList","@id":"https:\/\/www.kuchyne-vega.cz\/new\/zasady-ochrany-osobnich-udaju\/#breadcrumb","itemListElement":[{"@type":"ListItem","position":1,"name":"\u00davod","item":"https:\/\/www.kuchyne-vega.cz\/new\/"},{"@type":"ListItem","position":2,"name":"Z\u00e1sady ochrany osobn\u00edch \u00fadaj\u016f"}]},{"@type":"WebSite","@id":"https:\/\/www.kuchyne-vega.cz\/new\/#website","url":"https:\/\/www.kuchyne-vega.cz\/new\/","name":"Interi\u00e9ry Vega","description":"N\u00e1bytek a kuchyn\u011b pro V\u00e1\u0161 domov","potentialAction":[{"@type":"SearchAction","target":{"@type":"EntryPoint","urlTemplate":"https:\/\/www.kuchyne-vega.cz\/new\/?s={search_term_string}"},"query-input":{"@type":"PropertyValueSpecification","valueRequired":true,"valueName":"search_term_string"}}],"inLanguage":"cs"}]}},"_links":{"self":[{"href":"https:\/\/www.kuchyne-vega.cz\/new\/wp-json\/wp\/v2\/pages\/30204","targetHints":{"allow":["GET"]}}],"collection":[{"href":"https:\/\/www.kuchyne-vega.cz\/new\/wp-json\/wp\/v2\/pages"}],"about":[{"href":"https:\/\/www.kuchyne-vega.cz\/new\/wp-json\/wp\/v2\/types\/page"}],"author":[{"embeddable":true,"href":"https:\/\/www.kuchyne-vega.cz\/new\/wp-json\/wp\/v2\/users\/1"}],"replies":[{"embeddable":true,"href":"https:\/\/www.kuchyne-vega.cz\/new\/wp-json\/wp\/v2\/comments?post=30204"}],"version-history":[{"count":16,"href":"https:\/\/www.kuchyne-vega.cz\/new\/wp-json\/wp\/v2\/pages\/30204\/revisions"}],"predecessor-version":[{"id":282778,"href":"https:\/\/www.kuchyne-vega.cz\/new\/wp-json\/wp\/v2\/pages\/30204\/revisions\/282778"}],"wp:attachment":[{"href":"https:\/\/www.kuchyne-vega.cz\/new\/wp-json\/wp\/v2\/media?parent=30204"}],"wp:term":[{"taxonomy":"difl_page_category","embeddable":true,"href":"https:\/\/www.kuchyne-vega.cz\/new\/wp-json\/wp\/v2\/difl_page_category?post=30204"}],"curies":[{"name":"wp","href":"https:\/\/api.w.org\/{rel}","templated":true}]}}