{"id":282529,"date":"2026-03-25T14:23:56","date_gmt":"2026-03-25T13:23:56","guid":{"rendered":"https:\/\/www.kuchyne-vega.cz\/new\/?page_id=282529"},"modified":"2026-04-08T10:25:37","modified_gmt":"2026-04-08T09:25:37","slug":"kuchyne","status":"publish","type":"page","link":"https:\/\/www.kuchyne-vega.cz\/new\/kuchyne\/","title":{"rendered":"Kuchyn\u011b"},"content":{"rendered":"<div class=\"et_pb_section_0 et_pb_section et_section_regular et_block_section\">\n<div class=\"et_pb_row_0 et_pb_row et_block_row\">\n<div class=\"et_pb_column_0 et_pb_column et_pb_column_4_4 et-last-child et_block_column et_pb_css_mix_blend_mode_passthrough\">\n<div class=\"et_pb_post_title_0 et_pb_post_title et_pb_bg_layout_dark et_pb_text_align_left et_pb_module et_block_module\"><div class=\"et_pb_title_container\"><h1 class=\"entry-title\">Kuchyn\u011b<\/h1><\/div><\/div>\n<\/div>\n<\/div>\n\n<div class=\"et_pb_row_1 et_pb_row et_block_row\">\n<div class=\"et_pb_column_1 et_pb_column et_pb_column_4_4 et-last-child et_block_column et_pb_css_mix_blend_mode_passthrough\">\n<div class=\"et_pb_text_0 et_pb_text et_pb_bg_layout_light et_pb_module et_block_module under-text\"><div class=\"et_pb_text_inner\"><p><span style=\"color: #ffffff;\">V sou\u010dasnosti je kuchyn\u011b srdcem ka\u017ed\u00e9ho domova. V kuchyni se dnes \u017eije. Proto by va\u0161e kuchyn\u011b m\u011bla b\u00fdt p\u0159\u00edjemn\u00fdm m\u00edstem ke stolov\u00e1n\u00ed, k posezen\u00ed s p\u0159\u00e1teli, ke tr\u00e1ven\u00ed voln\u00e9ho \u010dasu, ale z\u00e1rove\u0148 v\u00e1m mus\u00ed umo\u017enit pohodln\u011b pracovat. Rovnov\u00e1hu mezi stylov\u00fdm designem a praktick\u00fdm vyu\u017eit\u00edm nab\u00edz\u00ed kuchyn\u011b od \u010desk\u00e9ho v\u00fdrobce Nadop. Nejmodern\u011bj\u0161\u00ed postupy a technologie zaru\u010duj\u00ed kvalitu va\u0161\u00ed nov\u00e9 kuchyn\u011b. Nab\u00edz\u00edme nep\u0159ebern\u00e9 mno\u017estv\u00ed dez\u00e9n\u016f, spot\u0159ebi\u010d\u016f a dopl\u0148k\u016f.<\/span><span style=\"color: #ffffff;\"><a href=\"#popis-vice\" style=\"color: #ffffff;\"><\/a><\/span><\/p>\n<\/div><\/div>\n<\/div>\n<\/div>\n<\/div>\n\n<div class=\"et_pb_section_1 et_pb_section et_section_regular et_flex_section\"><\/div>\n\n<div class=\"et_pb_section_2 et_pb_section et_section_regular et_block_section\">\n<div class=\"et_pb_row_2 et_pb_row et_block_row\">\n<div class=\"et_pb_column_2 et_pb_column et_pb_column_4_4 et-last-child et_block_column et_pb_css_mix_blend_mode_passthrough\">\n<div class=\"et_pb_text_1 et_pb_text et_pb_bg_layout_light et_pb_module et_flex_module\"><div class=\"et_pb_text_inner\"><h1 style=\"text-align: center;\"><span>Kuchyn\u011b navrhujeme  s nejv\u011bt\u0161\u00ed p\u00e9\u010d\u00ed.  A jak to u n\u00e1s prob\u00edh\u00e1?<\/span><\/h1>\n<\/div><\/div>\n<\/div>\n<\/div>\n\n<div class=\"et_pb_row_3 et_pb_row et_grid_row\">\n<div class=\"et_pb_column_3 et_pb_column et_block_column et_pb_css_mix_blend_mode_passthrough\">\n<div class=\"et_pb_text_2 et_pb_text et_pb_bg_layout_light et_pb_module et_flex_module\"><div class=\"et_pb_text_inner\"><p style=\"font-weight: 400;\">Kuchy\u0148 je v\u017edy srdcem domova, a\u0165 jde o prostor otev\u0159en\u00fd a propojen\u00fd s\u00a0dal\u0161\u00edmi \u010d\u00e1stmi domu nebo bytu anebo samostatnou m\u00edstnost.<\/p>\n<p style=\"font-weight: 400;\">Individu\u00e1ln\u00ed p\u0159\u00edstup ke ka\u017ed\u00e9mu klientovi je z\u00e1kladem ve\u0161ker\u00e9 komunikace. Nejd\u0159\u00edve si spolu popov\u00edd\u00e1me o va\u0161ich p\u0159edstav\u00e1ch, priorit\u00e1ch, zept\u00e1me se v\u00e1s na p\u0159\u00edpadn\u00e1 stavebn\u00ed nebo instala\u010dn\u00ed omezen\u00ed, zaj\u00edm\u00e1 n\u00e1s<span>\u00a0 <\/span>kolik osob se bude v\u00a0kuchyni pohybovat a kolik obvykle pracovat.<\/p>\n<p style=\"font-weight: 400;\">N\u00e1sledn\u011b se zam\u011b\u0159\u00edme na zpracov\u00e1n\u00ed n\u00e1vrhu, ve kter\u00e9m si p\u0159edev\u0161\u00edm kuchyni rozvrhneme na jednotliv\u00e9 z\u00f3ny, navrhneme logick\u00e9 um\u00edst\u011bn\u00ed spot\u0159ebi\u010d\u016f tak, aby kuchy\u0148 byla u\u017eivatelsky co nejp\u0159\u00edjemn\u011bj\u0161\u00ed.<\/p>\n<\/div><\/div>\n<\/div>\n\n<div class=\"et_pb_column_4 et_pb_column et-last-child et_block_column et_pb_css_mix_blend_mode_passthrough\">\n<div class=\"et_pb_text_3 et_pb_text et_pb_bg_layout_light et_pb_module et_flex_module\"><div class=\"et_pb_text_inner\"><p style=\"font-weight: 400;\">V\u00a0dal\u0161\u00edm kroku se budeme v\u011bnovat v\u00fdb\u011bru materi\u00e1l\u016f na korpusy, dv\u00ed\u0159ka, pracovn\u00ed desku, obklady, vnit\u0159n\u00edmu vybaven\u00ed sk\u0159\u00edn\u011bk, v\u00fdb\u011bru spot\u0159ebi\u010d\u016f\u2026<\/p>\n<p style=\"font-weight: 400;\">Jakmile si odlad\u00edme fin\u00e1ln\u00ed podobu kuchyn\u011b, zam\u011b\u0159\u00edme si prostor p\u0159\u00edmo na m\u00edst\u011b a v\u0161e odsouhlas\u00edme, nastupuje f\u00e1ze v\u00fdroby a n\u00e1sledn\u011b realizace. O nic se nemus\u00edte starat, postar\u00e1me se my.<\/p>\n<p style=\"font-weight: 400;\">Za v\u00edce jak 30 let zku\u0161enost\u00ed m\u016f\u017eeme na\u0161e projekty po\u010d\u00edtat na tis\u00edce. Dnes se na n\u00e1s obracej\u00ed u\u017e d\u011bti na\u0161ich klient\u016f a bude n\u00e1m ct\u00ed, kdy\u017e se k\u00a0nim p\u0159id\u00e1te i Vy.<\/p>\n<\/div><\/div>\n<\/div>\n<\/div>\n\n<div class=\"et_pb_row_4 et_pb_row et_block_row\">\n<div class=\"et_pb_column_5 et_pb_column et_pb_column_4_4 et-last-child et_block_column et_pb_css_mix_blend_mode_passthrough\">\n<div class=\"et_pb_text_4 et_pb_text et_pb_bg_layout_light et_pb_module et_flex_module\"><div class=\"et_pb_text_inner\"><h2 style=\"text-align: center;\">Uk\u00e1zky na\u0161ich kuchyn\u00ed<\/h2>\n<\/div><\/div>\n\n<div class=\"et_pb_gallery_0 et_pb_gallery et_pb_bg_layout_light et_pb_gallery_grid et_pb_module\" data-auto-rotate=\"off\" data-auto-rotate-speed=\"\"><div class=\"et_pb_gallery_items et_post_gallery clearfix et_grid_module\" data-per_page=\"6\"><div class=\"et_pb_gallery_item et_pb_grid_item et_pb_gallery_item_0_0\"><div class=\"et_pb_gallery_image landscape\" data-per_page=\"6\"><a href=\"https:\/\/www.kuchyne-vega.cz\/new\/wp-content\/uploads\/2023\/04\/TOM8993-kopie-2.jpg\" title=\"Byt Praha 8\"><img loading=\"lazy\" decoding=\"async\" width=\"400\" height=\"284\" src=\"https:\/\/www.kuchyne-vega.cz\/new\/wp-content\/uploads\/2023\/04\/TOM8993-kopie-2-400x284.jpg\" alt=\"Byt Praha 8\" class=\"wp-image-30259\" srcset=\"https:\/\/www.kuchyne-vega.cz\/new\/wp-content\/uploads\/2023\/04\/TOM8993-kopie-2.jpg 479w, https:\/\/www.kuchyne-vega.cz\/new\/wp-content\/uploads\/2023\/04\/TOM8993-kopie-2-400x284.jpg 480w\" sizes=\"(max-width:479px) 479px, 100vw\" \/><span class=\"et_overlay\" data-icon=\"\" data-icon-tablet=\"\" data-icon-phone=\"\"><\/span><\/a><\/div><\/div><div class=\"et_pb_gallery_item et_pb_grid_item et_pb_gallery_item_0_1\"><div class=\"et_pb_gallery_image landscape\" data-per_page=\"6\"><a href=\"https:\/\/www.kuchyne-vega.cz\/new\/wp-content\/uploads\/2019\/05\/dolni-brezany-2.jpg\" title=\"Realizace byt Praha\"><img loading=\"lazy\" decoding=\"async\" width=\"400\" height=\"284\" src=\"https:\/\/www.kuchyne-vega.cz\/new\/wp-content\/uploads\/2019\/05\/dolni-brezany-2-400x284.jpg\" alt=\"Realizace byt Praha\" class=\"wp-image-29675\" srcset=\"https:\/\/www.kuchyne-vega.cz\/new\/wp-content\/uploads\/2019\/05\/dolni-brezany-2.jpg 479w, https:\/\/www.kuchyne-vega.cz\/new\/wp-content\/uploads\/2019\/05\/dolni-brezany-2-400x284.jpg 480w\" sizes=\"(max-width:479px) 479px, 100vw\" \/><span class=\"et_overlay\" data-icon=\"\" data-icon-tablet=\"\" data-icon-phone=\"\"><\/span><\/a><\/div><\/div><div class=\"et_pb_gallery_item et_pb_grid_item et_pb_gallery_item_0_2\"><div class=\"et_pb_gallery_image landscape\" data-per_page=\"6\"><a href=\"https:\/\/www.kuchyne-vega.cz\/new\/wp-content\/uploads\/2019\/07\/realizace-byt-praha-vinohrady-2.jpg\" title=\"Realizace byt Praha\"><img loading=\"lazy\" decoding=\"async\" width=\"400\" height=\"284\" src=\"https:\/\/www.kuchyne-vega.cz\/new\/wp-content\/uploads\/2019\/07\/realizace-byt-praha-vinohrady-2-400x284.jpg\" alt=\"Realizace byt Praha\" class=\"wp-image-29956\" srcset=\"https:\/\/www.kuchyne-vega.cz\/new\/wp-content\/uploads\/2019\/07\/realizace-byt-praha-vinohrady-2.jpg 479w, https:\/\/www.kuchyne-vega.cz\/new\/wp-content\/uploads\/2019\/07\/realizace-byt-praha-vinohrady-2-400x284.jpg 480w\" sizes=\"(max-width:479px) 479px, 100vw\" \/><span class=\"et_overlay\" data-icon=\"\" data-icon-tablet=\"\" data-icon-phone=\"\"><\/span><\/a><\/div><\/div><div class=\"et_pb_gallery_item et_pb_grid_item et_pb_gallery_item_0_3\"><div class=\"et_pb_gallery_image landscape\" data-per_page=\"6\"><a href=\"https:\/\/www.kuchyne-vega.cz\/new\/wp-content\/uploads\/2019\/07\/realizace-byt-praha-1-1.jpg\" title=\"Realizace byt Praha 1\"><img loading=\"lazy\" decoding=\"async\" width=\"400\" height=\"284\" src=\"https:\/\/www.kuchyne-vega.cz\/new\/wp-content\/uploads\/2019\/07\/realizace-byt-praha-1-1-400x284.jpg\" alt=\"Realizace byt Praha 1\" class=\"wp-image-29950\" srcset=\"https:\/\/www.kuchyne-vega.cz\/new\/wp-content\/uploads\/2019\/07\/realizace-byt-praha-1-1.jpg 479w, https:\/\/www.kuchyne-vega.cz\/new\/wp-content\/uploads\/2019\/07\/realizace-byt-praha-1-1-400x284.jpg 480w\" sizes=\"(max-width:479px) 479px, 100vw\" \/><span class=\"et_overlay\" data-icon=\"\" data-icon-tablet=\"\" data-icon-phone=\"\"><\/span><\/a><\/div><\/div><div class=\"et_pb_gallery_item et_pb_grid_item et_pb_gallery_item_0_4\"><div class=\"et_pb_gallery_image landscape\" data-per_page=\"6\"><a href=\"https:\/\/www.kuchyne-vega.cz\/new\/wp-content\/uploads\/2020\/09\/realizace-byt-praha-barrandov-1.jpg\" title=\"Realizace - byt Praha Barrandov\"><img loading=\"lazy\" decoding=\"async\" width=\"400\" height=\"284\" src=\"https:\/\/www.kuchyne-vega.cz\/new\/wp-content\/uploads\/2020\/09\/realizace-byt-praha-barrandov-1-400x284.jpg\" alt=\"Realizace - byt Praha Barrandov\" class=\"wp-image-30146\" srcset=\"https:\/\/www.kuchyne-vega.cz\/new\/wp-content\/uploads\/2020\/09\/realizace-byt-praha-barrandov-1.jpg 479w, https:\/\/www.kuchyne-vega.cz\/new\/wp-content\/uploads\/2020\/09\/realizace-byt-praha-barrandov-1-400x284.jpg 480w\" sizes=\"(max-width:479px) 479px, 100vw\" \/><span class=\"et_overlay\" data-icon=\"\" data-icon-tablet=\"\" data-icon-phone=\"\"><\/span><\/a><\/div><\/div><div class=\"et_pb_gallery_item et_pb_grid_item et_pb_gallery_item_0_5\"><div class=\"et_pb_gallery_image landscape\" data-per_page=\"6\"><a href=\"https:\/\/www.kuchyne-vega.cz\/new\/wp-content\/uploads\/2026\/02\/TOM4296-kopie-2.jpg\" title=\"Realizace \u2013\u00a0rodinn\u00fd d\u016fm Praha\"><img loading=\"lazy\" decoding=\"async\" width=\"400\" height=\"284\" src=\"https:\/\/www.kuchyne-vega.cz\/new\/wp-content\/uploads\/2026\/02\/TOM4296-kopie-2-400x284.jpg\" alt=\"Realizace \u2013\u00a0rodinn\u00fd d\u016fm Praha\" class=\"wp-image-282402\" srcset=\"https:\/\/www.kuchyne-vega.cz\/new\/wp-content\/uploads\/2026\/02\/TOM4296-kopie-2.jpg 479w, https:\/\/www.kuchyne-vega.cz\/new\/wp-content\/uploads\/2026\/02\/TOM4296-kopie-2-400x284.jpg 480w\" sizes=\"(max-width:479px) 479px, 100vw\" \/><span class=\"et_overlay\" data-icon=\"\" data-icon-tablet=\"\" data-icon-phone=\"\"><\/span><\/a><\/div><\/div><\/div><\/div>\n<\/div>\n<\/div>\n\n<div class=\"et_pb_row_5 et_pb_row et_flex_row\">\n<div class=\"et_pb_column_6 et_pb_column et-last-child et_flex_column et_pb_css_mix_blend_mode_passthrough et_flex_column_24_24 et_flex_column_24_24_tablet et_flex_column_24_24_phone\">\n<div class=\"et_pb_module et_pb_button_module_wrapper et_pb_button_0_wrapper\"><a class=\"et_pb_button_0 et_pb_button et_pb_bg_layout_dark et_pb_module et_block_module\" href=\"\/new\/realizace\">V\u00cdCE REALIZAC\u00cd<\/a><\/div>\n<\/div>\n<\/div>\n<\/div>\n\n<div class=\"et_pb_section_3 et_pb_section et_section_regular et_block_section et_pb_section_parallax\"><span class=\"et-pb-parallax-wrapper\"><span class=\"et-pb-parallax-background et-pb-parallax-background--css et-pb-parallax-background-module--divi-section-3\" style=\"background-image:conic-gradient(from 180deg at center, rgba(50, 50, 50, 0.5) 0%,rgba(50, 50, 50, 0.5) 100%), url(https:\/\/www.kuchyne-vega.cz\/new\/wp-content\/uploads\/2019\/07\/realizace-byt-praha-vinohrady-2.jpg);background-blend-mode:multiply\"><\/span><\/span>\n<div class=\"et_pb_row_6 et_pb_row et_flex_row\">\n<div class=\"et_pb_column_7 et_pb_column et-last-child et_flex_column et_pb_css_mix_blend_mode_passthrough et_flex_column_24_24 et_flex_column_24_24_tablet et_flex_column_24_24_phone\">\n<div class=\"et_pb_text_5 et_pb_text et_pb_bg_layout_light et_pb_module et_block_module\"><div class=\"et_pb_text_inner\"><p>R\u00e1di se v\u00e1m budeme v\u011bnovat v na\u0161em studiu v Praze.<\/p>\n<\/div><\/div>\n<\/div>\n<\/div>\n\n<div class=\"et_pb_row_7 et_pb_row et_flex_row\">\n<div class=\"et_pb_column_8 et_pb_column et-last-child et_flex_column et_pb_css_mix_blend_mode_passthrough et_flex_column_24_24 et_flex_column_24_24_tablet et_flex_column_24_24_phone\">\n<div class=\"et_pb_module et_pb_button_module_wrapper et_pb_button_1_wrapper\"><a class=\"et_pb_button_1 et_pb_button et_pb_bg_layout_dark et_pb_module et_block_module\" href=\"\/new\/kontakt\">P\u0158IJ\u010eTE, ZAVOLEJTE, NAPI\u0160TE N\u00c1M<\/a><\/div>\n<\/div>\n<\/div>\n<\/div>","protected":false},"excerpt":{"rendered":"","protected":false},"author":5,"featured_media":0,"parent":0,"menu_order":1,"comment_status":"closed","ping_status":"closed","template":"","meta":{"footnotes":""},"difl_page_category":[],"class_list":["post-282529","page","type-page","status-publish","hentry"],"yoast_head":"<!-- This site is optimized with the Yoast SEO plugin v27.4 - https:\/\/yoast.com\/product\/yoast-seo-wordpress\/ -->\n<title>Kuchyn\u011b - Interi\u00e9ry Vega<\/title>\n<meta name=\"robots\" content=\"index, follow, max-snippet:-1, max-image-preview:large, max-video-preview:-1\" \/>\n<link rel=\"canonical\" href=\"https:\/\/www.kuchyne-vega.cz\/new\/kuchyne\/\" \/>\n<meta property=\"og:locale\" content=\"cs_CZ\" \/>\n<meta property=\"og:type\" content=\"article\" \/>\n<meta property=\"og:title\" content=\"Kuchyn\u011b - Interi\u00e9ry Vega\" \/>\n<meta property=\"og:url\" content=\"https:\/\/www.kuchyne-vega.cz\/new\/kuchyne\/\" \/>\n<meta property=\"og:site_name\" content=\"Interi\u00e9ry Vega\" \/>\n<meta property=\"article:modified_time\" content=\"2026-04-08T09:25:37+00:00\" \/>\n<meta name=\"twitter:card\" content=\"summary_large_image\" \/>\n<script type=\"application\/ld+json\" class=\"yoast-schema-graph\">{\"@context\":\"https:\\\/\\\/schema.org\",\"@graph\":[{\"@type\":\"WebPage\",\"@id\":\"https:\\\/\\\/www.kuchyne-vega.cz\\\/new\\\/kuchyne\\\/\",\"url\":\"https:\\\/\\\/www.kuchyne-vega.cz\\\/new\\\/kuchyne\\\/\",\"name\":\"Kuchyn\u011b - Interi\u00e9ry Vega\",\"isPartOf\":{\"@id\":\"https:\\\/\\\/www.kuchyne-vega.cz\\\/new\\\/#website\"},\"datePublished\":\"2026-03-25T13:23:56+00:00\",\"dateModified\":\"2026-04-08T09:25:37+00:00\",\"breadcrumb\":{\"@id\":\"https:\\\/\\\/www.kuchyne-vega.cz\\\/new\\\/kuchyne\\\/#breadcrumb\"},\"inLanguage\":\"cs\",\"potentialAction\":[{\"@type\":\"ReadAction\",\"target\":[\"https:\\\/\\\/www.kuchyne-vega.cz\\\/new\\\/kuchyne\\\/\"]}]},{\"@type\":\"BreadcrumbList\",\"@id\":\"https:\\\/\\\/www.kuchyne-vega.cz\\\/new\\\/kuchyne\\\/#breadcrumb\",\"itemListElement\":[{\"@type\":\"ListItem\",\"position\":1,\"name\":\"\u00davod\",\"item\":\"https:\\\/\\\/www.kuchyne-vega.cz\\\/new\\\/\"},{\"@type\":\"ListItem\",\"position\":2,\"name\":\"Kuchyn\u011b\"}]},{\"@type\":\"WebSite\",\"@id\":\"https:\\\/\\\/www.kuchyne-vega.cz\\\/new\\\/#website\",\"url\":\"https:\\\/\\\/www.kuchyne-vega.cz\\\/new\\\/\",\"name\":\"Interi\u00e9ry Vega\",\"description\":\"N\u00e1bytek a kuchyn\u011b pro V\u00e1\u0161 domov\",\"potentialAction\":[{\"@type\":\"SearchAction\",\"target\":{\"@type\":\"EntryPoint\",\"urlTemplate\":\"https:\\\/\\\/www.kuchyne-vega.cz\\\/new\\\/?s={search_term_string}\"},\"query-input\":{\"@type\":\"PropertyValueSpecification\",\"valueRequired\":true,\"valueName\":\"search_term_string\"}}],\"inLanguage\":\"cs\"}]}<\/script>\n<!-- \/ Yoast SEO plugin. -->","yoast_head_json":{"title":"Kuchyn\u011b - Interi\u00e9ry Vega","robots":{"index":"index","follow":"follow","max-snippet":"max-snippet:-1","max-image-preview":"max-image-preview:large","max-video-preview":"max-video-preview:-1"},"canonical":"https:\/\/www.kuchyne-vega.cz\/new\/kuchyne\/","og_locale":"cs_CZ","og_type":"article","og_title":"Kuchyn\u011b - Interi\u00e9ry Vega","og_url":"https:\/\/www.kuchyne-vega.cz\/new\/kuchyne\/","og_site_name":"Interi\u00e9ry Vega","article_modified_time":"2026-04-08T09:25:37+00:00","twitter_card":"summary_large_image","schema":{"@context":"https:\/\/schema.org","@graph":[{"@type":"WebPage","@id":"https:\/\/www.kuchyne-vega.cz\/new\/kuchyne\/","url":"https:\/\/www.kuchyne-vega.cz\/new\/kuchyne\/","name":"Kuchyn\u011b - Interi\u00e9ry Vega","isPartOf":{"@id":"https:\/\/www.kuchyne-vega.cz\/new\/#website"},"datePublished":"2026-03-25T13:23:56+00:00","dateModified":"2026-04-08T09:25:37+00:00","breadcrumb":{"@id":"https:\/\/www.kuchyne-vega.cz\/new\/kuchyne\/#breadcrumb"},"inLanguage":"cs","potentialAction":[{"@type":"ReadAction","target":["https:\/\/www.kuchyne-vega.cz\/new\/kuchyne\/"]}]},{"@type":"BreadcrumbList","@id":"https:\/\/www.kuchyne-vega.cz\/new\/kuchyne\/#breadcrumb","itemListElement":[{"@type":"ListItem","position":1,"name":"\u00davod","item":"https:\/\/www.kuchyne-vega.cz\/new\/"},{"@type":"ListItem","position":2,"name":"Kuchyn\u011b"}]},{"@type":"WebSite","@id":"https:\/\/www.kuchyne-vega.cz\/new\/#website","url":"https:\/\/www.kuchyne-vega.cz\/new\/","name":"Interi\u00e9ry Vega","description":"N\u00e1bytek a kuchyn\u011b pro V\u00e1\u0161 domov","potentialAction":[{"@type":"SearchAction","target":{"@type":"EntryPoint","urlTemplate":"https:\/\/www.kuchyne-vega.cz\/new\/?s={search_term_string}"},"query-input":{"@type":"PropertyValueSpecification","valueRequired":true,"valueName":"search_term_string"}}],"inLanguage":"cs"}]}},"_links":{"self":[{"href":"https:\/\/www.kuchyne-vega.cz\/new\/wp-json\/wp\/v2\/pages\/282529","targetHints":{"allow":["GET"]}}],"collection":[{"href":"https:\/\/www.kuchyne-vega.cz\/new\/wp-json\/wp\/v2\/pages"}],"about":[{"href":"https:\/\/www.kuchyne-vega.cz\/new\/wp-json\/wp\/v2\/types\/page"}],"author":[{"embeddable":true,"href":"https:\/\/www.kuchyne-vega.cz\/new\/wp-json\/wp\/v2\/users\/5"}],"replies":[{"embeddable":true,"href":"https:\/\/www.kuchyne-vega.cz\/new\/wp-json\/wp\/v2\/comments?post=282529"}],"version-history":[{"count":21,"href":"https:\/\/www.kuchyne-vega.cz\/new\/wp-json\/wp\/v2\/pages\/282529\/revisions"}],"predecessor-version":[{"id":282693,"href":"https:\/\/www.kuchyne-vega.cz\/new\/wp-json\/wp\/v2\/pages\/282529\/revisions\/282693"}],"wp:attachment":[{"href":"https:\/\/www.kuchyne-vega.cz\/new\/wp-json\/wp\/v2\/media?parent=282529"}],"wp:term":[{"taxonomy":"difl_page_category","embeddable":true,"href":"https:\/\/www.kuchyne-vega.cz\/new\/wp-json\/wp\/v2\/difl_page_category?post=282529"}],"curies":[{"name":"wp","href":"https:\/\/api.w.org\/{rel}","templated":true}]}}