{"id":27073,"date":"2016-12-16T16:45:09","date_gmt":"2016-12-16T15:45:09","guid":{"rendered":"https:\/\/www.kuchyne-vega.cz\/new\/new\/?page_id=27073"},"modified":"2026-04-08T10:29:37","modified_gmt":"2026-04-08T09:29:37","slug":"doprava","status":"publish","type":"page","link":"https:\/\/www.kuchyne-vega.cz\/new\/sluzby\/doprava\/","title":{"rendered":"Doprava"},"content":{"rendered":"<div class=\"et_pb_section_0 et_pb_section et_section_regular et_block_section\">\n<div class=\"et_pb_row_0 et_pb_row et_block_row\">\n<div class=\"et_pb_column_0 et_pb_column et_pb_column_4_4 et-last-child et_block_column et_pb_css_mix_blend_mode_passthrough\">\n<div class=\"et_pb_post_title_0 et_pb_post_title et_pb_bg_layout_dark et_pb_text_align_left et_pb_module et_block_module\"><div class=\"et_pb_title_container\"><h1 class=\"entry-title\">Doprava<\/h1><\/div><\/div>\n<\/div>\n<\/div>\n\n<div class=\"et_pb_row_1 et_pb_row et_block_row\">\n<div class=\"et_pb_column_1 et_pb_column et_pb_column_4_4 et-last-child et_block_column et_pb_css_mix_blend_mode_passthrough\">\n<div class=\"et_pb_text_0 et_pb_text et_pb_bg_layout_light et_pb_module et_block_module under-text\"><div class=\"et_pb_text_inner\"><p><span style=\"color: #ffffff;\">Zbo\u017e\u00ed, kter\u00e9 si u n\u00e1s zakoup\u00edte, v\u00e1m r\u00e1di za p\u0159\u00edzniv\u00fd poplatek odvezeme a\u017e k\u00a0v\u00e1m dom\u016f. Nemus\u00edte si d\u011blat starosti ani s\u00a0p\u0159\u00edpadn\u00fdm st\u011bhov\u00e1n\u00edm do patra. Pro na\u0161e dopravce to je samoz\u0159ejmost\u00ed.<\/span><span style=\"color: #ffffff;\"><\/span><\/p>\n<\/div><\/div>\n<\/div>\n<\/div>\n<\/div>\n\n<div class=\"et_pb_section_1 et_pb_section et_section_regular et_flex_section\"><\/div>\n\n<div class=\"et_pb_section_2 et_pb_section et_section_regular et_flex_section\">\n<div class=\"et_pb_row_2 et_pb_row et-vb-row--no-module et_flex_row\">\n<div class=\"et_pb_column_2 et_pb_column et-last-child et_flex_column et_pb_column_empty et_pb_css_mix_blend_mode_passthrough et_flex_column_24_24 et_flex_column_24_24_tablet et_flex_column_24_24_phone\"><\/div>\n<\/div>\n<\/div>\n\n<div class=\"et_pb_section_3 et_pb_section et_section_regular et_block_section et_pb_section_parallax\"><span class=\"et-pb-parallax-wrapper\"><span class=\"et-pb-parallax-background et-pb-parallax-background--css et-pb-parallax-background-module--divi-section-3\" style=\"background-image:conic-gradient(from 180deg at center, rgba(50, 50, 50, 0.5) 0%,rgba(50, 50, 50, 0.5) 100%), url(https:\/\/www.kuchyne-vega.cz\/new\/wp-content\/uploads\/2019\/07\/realizace-byt-praha-vinohrady-2.jpg);background-blend-mode:multiply\"><\/span><\/span>\n<div class=\"et_pb_row_3 et_pb_row et_flex_row\">\n<div class=\"et_pb_column_3 et_pb_column et-last-child et_flex_column et_pb_css_mix_blend_mode_passthrough et_flex_column_24_24 et_flex_column_24_24_tablet et_flex_column_24_24_phone\">\n<div class=\"et_pb_text_1 et_pb_text et_pb_bg_layout_light et_pb_module et_block_module\"><div class=\"et_pb_text_inner\"><p>R\u00e1di se v\u00e1m budeme v\u011bnovat v na\u0161em studiu v Praze.<\/p>\n<\/div><\/div>\n<\/div>\n<\/div>\n\n<div class=\"et_pb_row_4 et_pb_row et_flex_row\">\n<div class=\"et_pb_column_4 et_pb_column et-last-child et_flex_column et_pb_css_mix_blend_mode_passthrough et_flex_column_24_24 et_flex_column_24_24_tablet et_flex_column_24_24_phone\">\n<div class=\"et_pb_module et_pb_button_module_wrapper et_pb_button_0_wrapper\"><a class=\"et_pb_button_0 et_pb_button et_pb_bg_layout_dark et_pb_module et_block_module\" href=\"\/new\/kontakt\">P\u0158IJ\u010eTE, ZAVOLEJTE, NAPI\u0160TE N\u00c1M<\/a><\/div>\n<\/div>\n<\/div>\n<\/div>","protected":false},"excerpt":{"rendered":"","protected":false},"author":1,"featured_media":0,"parent":26705,"menu_order":5,"comment_status":"closed","ping_status":"closed","template":"","meta":{"footnotes":""},"difl_page_category":[],"class_list":["post-27073","page","type-page","status-publish","hentry"],"yoast_head":"<!-- This site is optimized with the Yoast SEO plugin v27.4 - https:\/\/yoast.com\/product\/yoast-seo-wordpress\/ -->\n<title>Doprava - Interi\u00e9ry Vega<\/title>\n<meta name=\"robots\" content=\"index, follow, max-snippet:-1, max-image-preview:large, max-video-preview:-1\" \/>\n<link rel=\"canonical\" href=\"https:\/\/www.kuchyne-vega.cz\/new\/sluzby\/doprava\/\" \/>\n<meta property=\"og:locale\" content=\"cs_CZ\" \/>\n<meta property=\"og:type\" content=\"article\" \/>\n<meta property=\"og:title\" content=\"Doprava - Interi\u00e9ry Vega\" \/>\n<meta property=\"og:url\" content=\"https:\/\/www.kuchyne-vega.cz\/new\/sluzby\/doprava\/\" \/>\n<meta property=\"og:site_name\" content=\"Interi\u00e9ry Vega\" \/>\n<meta property=\"article:modified_time\" content=\"2026-04-08T09:29:37+00:00\" \/>\n<meta name=\"twitter:card\" content=\"summary_large_image\" \/>\n<script type=\"application\/ld+json\" class=\"yoast-schema-graph\">{\"@context\":\"https:\\\/\\\/schema.org\",\"@graph\":[{\"@type\":\"WebPage\",\"@id\":\"https:\\\/\\\/www.kuchyne-vega.cz\\\/new\\\/sluzby\\\/doprava\\\/\",\"url\":\"https:\\\/\\\/www.kuchyne-vega.cz\\\/new\\\/sluzby\\\/doprava\\\/\",\"name\":\"Doprava - Interi\u00e9ry Vega\",\"isPartOf\":{\"@id\":\"https:\\\/\\\/www.kuchyne-vega.cz\\\/new\\\/#website\"},\"datePublished\":\"2016-12-16T15:45:09+00:00\",\"dateModified\":\"2026-04-08T09:29:37+00:00\",\"breadcrumb\":{\"@id\":\"https:\\\/\\\/www.kuchyne-vega.cz\\\/new\\\/sluzby\\\/doprava\\\/#breadcrumb\"},\"inLanguage\":\"cs\",\"potentialAction\":[{\"@type\":\"ReadAction\",\"target\":[\"https:\\\/\\\/www.kuchyne-vega.cz\\\/new\\\/sluzby\\\/doprava\\\/\"]}]},{\"@type\":\"BreadcrumbList\",\"@id\":\"https:\\\/\\\/www.kuchyne-vega.cz\\\/new\\\/sluzby\\\/doprava\\\/#breadcrumb\",\"itemListElement\":[{\"@type\":\"ListItem\",\"position\":1,\"name\":\"\u00davod\",\"item\":\"https:\\\/\\\/www.kuchyne-vega.cz\\\/new\\\/\"},{\"@type\":\"ListItem\",\"position\":2,\"name\":\"Slu\u017eby\",\"item\":\"https:\\\/\\\/www.kuchyne-vega.cz\\\/new\\\/sluzby\\\/\"},{\"@type\":\"ListItem\",\"position\":3,\"name\":\"Doprava\"}]},{\"@type\":\"WebSite\",\"@id\":\"https:\\\/\\\/www.kuchyne-vega.cz\\\/new\\\/#website\",\"url\":\"https:\\\/\\\/www.kuchyne-vega.cz\\\/new\\\/\",\"name\":\"Interi\u00e9ry Vega\",\"description\":\"N\u00e1bytek a kuchyn\u011b pro V\u00e1\u0161 domov\",\"potentialAction\":[{\"@type\":\"SearchAction\",\"target\":{\"@type\":\"EntryPoint\",\"urlTemplate\":\"https:\\\/\\\/www.kuchyne-vega.cz\\\/new\\\/?s={search_term_string}\"},\"query-input\":{\"@type\":\"PropertyValueSpecification\",\"valueRequired\":true,\"valueName\":\"search_term_string\"}}],\"inLanguage\":\"cs\"}]}<\/script>\n<!-- \/ Yoast SEO plugin. -->","yoast_head_json":{"title":"Doprava - Interi\u00e9ry Vega","robots":{"index":"index","follow":"follow","max-snippet":"max-snippet:-1","max-image-preview":"max-image-preview:large","max-video-preview":"max-video-preview:-1"},"canonical":"https:\/\/www.kuchyne-vega.cz\/new\/sluzby\/doprava\/","og_locale":"cs_CZ","og_type":"article","og_title":"Doprava - Interi\u00e9ry Vega","og_url":"https:\/\/www.kuchyne-vega.cz\/new\/sluzby\/doprava\/","og_site_name":"Interi\u00e9ry Vega","article_modified_time":"2026-04-08T09:29:37+00:00","twitter_card":"summary_large_image","schema":{"@context":"https:\/\/schema.org","@graph":[{"@type":"WebPage","@id":"https:\/\/www.kuchyne-vega.cz\/new\/sluzby\/doprava\/","url":"https:\/\/www.kuchyne-vega.cz\/new\/sluzby\/doprava\/","name":"Doprava - Interi\u00e9ry Vega","isPartOf":{"@id":"https:\/\/www.kuchyne-vega.cz\/new\/#website"},"datePublished":"2016-12-16T15:45:09+00:00","dateModified":"2026-04-08T09:29:37+00:00","breadcrumb":{"@id":"https:\/\/www.kuchyne-vega.cz\/new\/sluzby\/doprava\/#breadcrumb"},"inLanguage":"cs","potentialAction":[{"@type":"ReadAction","target":["https:\/\/www.kuchyne-vega.cz\/new\/sluzby\/doprava\/"]}]},{"@type":"BreadcrumbList","@id":"https:\/\/www.kuchyne-vega.cz\/new\/sluzby\/doprava\/#breadcrumb","itemListElement":[{"@type":"ListItem","position":1,"name":"\u00davod","item":"https:\/\/www.kuchyne-vega.cz\/new\/"},{"@type":"ListItem","position":2,"name":"Slu\u017eby","item":"https:\/\/www.kuchyne-vega.cz\/new\/sluzby\/"},{"@type":"ListItem","position":3,"name":"Doprava"}]},{"@type":"WebSite","@id":"https:\/\/www.kuchyne-vega.cz\/new\/#website","url":"https:\/\/www.kuchyne-vega.cz\/new\/","name":"Interi\u00e9ry Vega","description":"N\u00e1bytek a kuchyn\u011b pro V\u00e1\u0161 domov","potentialAction":[{"@type":"SearchAction","target":{"@type":"EntryPoint","urlTemplate":"https:\/\/www.kuchyne-vega.cz\/new\/?s={search_term_string}"},"query-input":{"@type":"PropertyValueSpecification","valueRequired":true,"valueName":"search_term_string"}}],"inLanguage":"cs"}]}},"_links":{"self":[{"href":"https:\/\/www.kuchyne-vega.cz\/new\/wp-json\/wp\/v2\/pages\/27073","targetHints":{"allow":["GET"]}}],"collection":[{"href":"https:\/\/www.kuchyne-vega.cz\/new\/wp-json\/wp\/v2\/pages"}],"about":[{"href":"https:\/\/www.kuchyne-vega.cz\/new\/wp-json\/wp\/v2\/types\/page"}],"author":[{"embeddable":true,"href":"https:\/\/www.kuchyne-vega.cz\/new\/wp-json\/wp\/v2\/users\/1"}],"replies":[{"embeddable":true,"href":"https:\/\/www.kuchyne-vega.cz\/new\/wp-json\/wp\/v2\/comments?post=27073"}],"version-history":[{"count":18,"href":"https:\/\/www.kuchyne-vega.cz\/new\/wp-json\/wp\/v2\/pages\/27073\/revisions"}],"predecessor-version":[{"id":282700,"href":"https:\/\/www.kuchyne-vega.cz\/new\/wp-json\/wp\/v2\/pages\/27073\/revisions\/282700"}],"up":[{"embeddable":true,"href":"https:\/\/www.kuchyne-vega.cz\/new\/wp-json\/wp\/v2\/pages\/26705"}],"wp:attachment":[{"href":"https:\/\/www.kuchyne-vega.cz\/new\/wp-json\/wp\/v2\/media?parent=27073"}],"wp:term":[{"taxonomy":"difl_page_category","embeddable":true,"href":"https:\/\/www.kuchyne-vega.cz\/new\/wp-json\/wp\/v2\/difl_page_category?post=27073"}],"curies":[{"name":"wp","href":"https:\/\/api.w.org\/{rel}","templated":true}]}}