{"id":27067,"date":"2016-12-16T16:44:10","date_gmt":"2016-12-16T15:44:10","guid":{"rendered":"https:\/\/www.kuchyne-vega.cz\/new\/new\/?page_id=27067"},"modified":"2026-04-08T10:28:42","modified_gmt":"2026-04-08T09:28:42","slug":"3d-navrhy","status":"publish","type":"page","link":"https:\/\/www.kuchyne-vega.cz\/new\/sluzby\/3d-navrhy\/","title":{"rendered":"3D n\u00e1vrhy"},"content":{"rendered":"<div class=\"et_pb_section_0 et_pb_section et_section_regular et_block_section\">\n<div class=\"et_pb_row_0 et_pb_row et_block_row\">\n<div class=\"et_pb_column_0 et_pb_column et_pb_column_4_4 et-last-child et_block_column et_pb_css_mix_blend_mode_passthrough\">\n<div class=\"et_pb_post_title_0 et_pb_post_title et_pb_bg_layout_dark et_pb_text_align_left et_pb_module et_block_module\"><div class=\"et_pb_title_container\"><h1 class=\"entry-title\">3D n\u00e1vrhy<\/h1><\/div><\/div>\n<\/div>\n<\/div>\n\n<div class=\"et_pb_row_1 et_pb_row et_block_row\">\n<div class=\"et_pb_column_1 et_pb_column et_pb_column_4_4 et-last-child et_block_column et_pb_css_mix_blend_mode_passthrough\">\n<div class=\"et_pb_text_0 et_pb_text et_pb_bg_layout_light et_pb_module et_block_module under-text\"><div class=\"et_pb_text_inner\"><p><span style=\"color: #ffffff;\">Na \u00fapln\u00e9m za\u010d\u00e1tku se sna\u017e\u00edme pochopit p\u0159\u00e1n\u00ed a priority ka\u017ed\u00e9ho klienta, kter\u00e9 p\u0159eneseme do n\u00e1vrh\u016f a samoz\u0159ejmost\u00ed je, \u017ee se postar\u00e1me o cel\u00fd proces a\u017e po realizaci. Za sebou m\u00e1me \u0161ikovn\u00e9 \u0159emesln\u00edky a jsme schopni zajistit i stavebn\u00ed a profesn\u00ed pr\u00e1ce na p\u0159\u00edprav\u011b projektu.<\/span><\/p>\n<p><span style=\"color: #ffffff;\">Takto m\u016f\u017ee vypadat vizualizace va\u0161eho projektu.<\/span><\/p>\n<\/div><\/div>\n<\/div>\n<\/div>\n<\/div>\n\n<div class=\"et_pb_section_1 et_pb_section et_section_regular et_flex_section\"><\/div>\n\n<div class=\"et_pb_section_2 et_pb_section et_section_regular et_block_section\">\n<div class=\"et_pb_row_2 et_pb_row et_block_row\">\n<div class=\"et_pb_column_2 et_pb_column et_pb_column_4_4 et-last-child et_block_column et_pb_css_mix_blend_mode_passthrough\">\n<div class=\"et_pb_gallery_0 et_pb_gallery et_pb_bg_layout_light et_pb_gallery_grid et_pb_module\" data-auto-rotate=\"off\" data-auto-rotate-speed=\"\"><div class=\"et_pb_gallery_items et_post_gallery clearfix et_grid_module\" data-per_page=\"12\"><div class=\"et_pb_gallery_item et_pb_grid_item et_pb_gallery_item_0_0\"><div class=\"et_pb_gallery_image landscape\" data-per_page=\"12\"><a href=\"https:\/\/www.kuchyne-vega.cz\/new\/wp-content\/uploads\/2016\/12\/vizualizace1.jpg\" title=\"vizualizace\"><img loading=\"lazy\" decoding=\"async\" width=\"400\" height=\"284\" src=\"https:\/\/www.kuchyne-vega.cz\/new\/wp-content\/uploads\/2016\/12\/vizualizace1-400x284.jpg\" alt=\"vizualizace\" class=\"wp-image-28785\" srcset=\"https:\/\/www.kuchyne-vega.cz\/new\/wp-content\/uploads\/2016\/12\/vizualizace1.jpg 479w, https:\/\/www.kuchyne-vega.cz\/new\/wp-content\/uploads\/2016\/12\/vizualizace1-400x284.jpg 480w\" sizes=\"(max-width:479px) 479px, 100vw\" \/><span class=\"et_overlay\" data-icon=\"\" data-icon-tablet=\"\" data-icon-phone=\"\"><\/span><\/a><\/div><\/div><div class=\"et_pb_gallery_item et_pb_grid_item et_pb_gallery_item_0_1\"><div class=\"et_pb_gallery_image landscape\" data-per_page=\"12\"><a href=\"https:\/\/www.kuchyne-vega.cz\/new\/wp-content\/uploads\/2016\/12\/vizualizace2.jpg\" title=\"vizualizace\"><img loading=\"lazy\" decoding=\"async\" width=\"400\" height=\"284\" src=\"https:\/\/www.kuchyne-vega.cz\/new\/wp-content\/uploads\/2016\/12\/vizualizace2-400x284.jpg\" alt=\"vizualizace\" class=\"wp-image-28786\" srcset=\"https:\/\/www.kuchyne-vega.cz\/new\/wp-content\/uploads\/2016\/12\/vizualizace2.jpg 479w, https:\/\/www.kuchyne-vega.cz\/new\/wp-content\/uploads\/2016\/12\/vizualizace2-400x284.jpg 480w\" sizes=\"(max-width:479px) 479px, 100vw\" \/><span class=\"et_overlay\" data-icon=\"\" data-icon-tablet=\"\" data-icon-phone=\"\"><\/span><\/a><\/div><\/div><div class=\"et_pb_gallery_item et_pb_grid_item et_pb_gallery_item_0_2\"><div class=\"et_pb_gallery_image landscape\" data-per_page=\"12\"><a href=\"https:\/\/www.kuchyne-vega.cz\/new\/wp-content\/uploads\/2016\/12\/vizualizace3.jpg\" title=\"vizualizace\"><img loading=\"lazy\" decoding=\"async\" width=\"400\" height=\"284\" src=\"https:\/\/www.kuchyne-vega.cz\/new\/wp-content\/uploads\/2016\/12\/vizualizace3-400x284.jpg\" alt=\"vizualizace\" class=\"wp-image-28787\" srcset=\"https:\/\/www.kuchyne-vega.cz\/new\/wp-content\/uploads\/2016\/12\/vizualizace3.jpg 479w, https:\/\/www.kuchyne-vega.cz\/new\/wp-content\/uploads\/2016\/12\/vizualizace3-400x284.jpg 480w\" sizes=\"(max-width:479px) 479px, 100vw\" \/><span class=\"et_overlay\" data-icon=\"\" data-icon-tablet=\"\" data-icon-phone=\"\"><\/span><\/a><\/div><\/div><div class=\"et_pb_gallery_item et_pb_grid_item et_pb_gallery_item_0_3\"><div class=\"et_pb_gallery_image landscape\" data-per_page=\"12\"><a href=\"https:\/\/www.kuchyne-vega.cz\/new\/wp-content\/uploads\/2016\/12\/vizualizace4.jpg\" title=\"vizualizace\"><img loading=\"lazy\" decoding=\"async\" width=\"400\" height=\"284\" src=\"https:\/\/www.kuchyne-vega.cz\/new\/wp-content\/uploads\/2016\/12\/vizualizace4-400x284.jpg\" alt=\"vizualizace\" class=\"wp-image-28788\" srcset=\"https:\/\/www.kuchyne-vega.cz\/new\/wp-content\/uploads\/2016\/12\/vizualizace4.jpg 479w, https:\/\/www.kuchyne-vega.cz\/new\/wp-content\/uploads\/2016\/12\/vizualizace4-400x284.jpg 480w\" sizes=\"(max-width:479px) 479px, 100vw\" \/><span class=\"et_overlay\" data-icon=\"\" data-icon-tablet=\"\" data-icon-phone=\"\"><\/span><\/a><\/div><\/div><div class=\"et_pb_gallery_item et_pb_grid_item et_pb_gallery_item_0_4\"><div class=\"et_pb_gallery_image landscape\" data-per_page=\"12\"><a href=\"https:\/\/www.kuchyne-vega.cz\/new\/wp-content\/uploads\/2016\/12\/vizualizace5.jpg\" title=\"vizualizace\"><img loading=\"lazy\" decoding=\"async\" width=\"400\" height=\"284\" src=\"https:\/\/www.kuchyne-vega.cz\/new\/wp-content\/uploads\/2016\/12\/vizualizace5-400x284.jpg\" alt=\"vizualizace\" class=\"wp-image-28789\" srcset=\"https:\/\/www.kuchyne-vega.cz\/new\/wp-content\/uploads\/2016\/12\/vizualizace5.jpg 479w, https:\/\/www.kuchyne-vega.cz\/new\/wp-content\/uploads\/2016\/12\/vizualizace5-400x284.jpg 480w\" sizes=\"(max-width:479px) 479px, 100vw\" \/><span class=\"et_overlay\" data-icon=\"\" data-icon-tablet=\"\" data-icon-phone=\"\"><\/span><\/a><\/div><\/div><div class=\"et_pb_gallery_item et_pb_grid_item et_pb_gallery_item_0_5\"><div class=\"et_pb_gallery_image landscape\" data-per_page=\"12\"><a href=\"https:\/\/www.kuchyne-vega.cz\/new\/wp-content\/uploads\/2016\/12\/vizualizace6.jpg\" title=\"vizualizace\"><img loading=\"lazy\" decoding=\"async\" width=\"400\" height=\"284\" src=\"https:\/\/www.kuchyne-vega.cz\/new\/wp-content\/uploads\/2016\/12\/vizualizace6-400x284.jpg\" alt=\"vizualizace\" class=\"wp-image-28790\" srcset=\"https:\/\/www.kuchyne-vega.cz\/new\/wp-content\/uploads\/2016\/12\/vizualizace6.jpg 479w, https:\/\/www.kuchyne-vega.cz\/new\/wp-content\/uploads\/2016\/12\/vizualizace6-400x284.jpg 480w\" sizes=\"(max-width:479px) 479px, 100vw\" \/><span class=\"et_overlay\" data-icon=\"\" data-icon-tablet=\"\" data-icon-phone=\"\"><\/span><\/a><\/div><\/div><div class=\"et_pb_gallery_item et_pb_grid_item et_pb_gallery_item_0_6\"><div class=\"et_pb_gallery_image landscape\" data-per_page=\"12\"><a href=\"https:\/\/www.kuchyne-vega.cz\/new\/wp-content\/uploads\/2016\/12\/vizualizace7.jpg\" title=\"vizualizace\"><img loading=\"lazy\" decoding=\"async\" width=\"400\" height=\"284\" src=\"https:\/\/www.kuchyne-vega.cz\/new\/wp-content\/uploads\/2016\/12\/vizualizace7-400x284.jpg\" alt=\"vizualizace\" class=\"wp-image-28791\" srcset=\"https:\/\/www.kuchyne-vega.cz\/new\/wp-content\/uploads\/2016\/12\/vizualizace7.jpg 479w, https:\/\/www.kuchyne-vega.cz\/new\/wp-content\/uploads\/2016\/12\/vizualizace7-400x284.jpg 480w\" sizes=\"(max-width:479px) 479px, 100vw\" \/><span class=\"et_overlay\" data-icon=\"\" data-icon-tablet=\"\" data-icon-phone=\"\"><\/span><\/a><\/div><\/div><div class=\"et_pb_gallery_item et_pb_grid_item et_pb_gallery_item_0_7\"><div class=\"et_pb_gallery_image landscape\" data-per_page=\"12\"><a href=\"https:\/\/www.kuchyne-vega.cz\/new\/wp-content\/uploads\/2016\/12\/vizualizace8.jpg\" title=\"vizualizace\"><img loading=\"lazy\" decoding=\"async\" width=\"400\" height=\"284\" src=\"https:\/\/www.kuchyne-vega.cz\/new\/wp-content\/uploads\/2016\/12\/vizualizace8-400x284.jpg\" alt=\"vizualizace\" class=\"wp-image-28792\" srcset=\"https:\/\/www.kuchyne-vega.cz\/new\/wp-content\/uploads\/2016\/12\/vizualizace8.jpg 479w, https:\/\/www.kuchyne-vega.cz\/new\/wp-content\/uploads\/2016\/12\/vizualizace8-400x284.jpg 480w\" sizes=\"(max-width:479px) 479px, 100vw\" \/><span class=\"et_overlay\" data-icon=\"\" data-icon-tablet=\"\" data-icon-phone=\"\"><\/span><\/a><\/div><\/div><div class=\"et_pb_gallery_item et_pb_grid_item et_pb_gallery_item_0_8\"><div class=\"et_pb_gallery_image landscape\" data-per_page=\"12\"><a href=\"https:\/\/www.kuchyne-vega.cz\/new\/wp-content\/uploads\/2016\/12\/vizualizace9.jpg\" title=\"vizualizace\"><img loading=\"lazy\" decoding=\"async\" width=\"400\" height=\"284\" src=\"https:\/\/www.kuchyne-vega.cz\/new\/wp-content\/uploads\/2016\/12\/vizualizace9-400x284.jpg\" alt=\"vizualizace\" class=\"wp-image-28793\" srcset=\"https:\/\/www.kuchyne-vega.cz\/new\/wp-content\/uploads\/2016\/12\/vizualizace9.jpg 479w, https:\/\/www.kuchyne-vega.cz\/new\/wp-content\/uploads\/2016\/12\/vizualizace9-400x284.jpg 480w\" sizes=\"(max-width:479px) 479px, 100vw\" \/><span class=\"et_overlay\" data-icon=\"\" data-icon-tablet=\"\" data-icon-phone=\"\"><\/span><\/a><\/div><\/div><div class=\"et_pb_gallery_item et_pb_grid_item et_pb_gallery_item_0_9\"><div class=\"et_pb_gallery_image landscape\" data-per_page=\"12\"><a href=\"https:\/\/www.kuchyne-vega.cz\/new\/wp-content\/uploads\/2016\/12\/vizualizace10.jpg\" title=\"vizualizace\"><img loading=\"lazy\" decoding=\"async\" width=\"400\" height=\"284\" src=\"https:\/\/www.kuchyne-vega.cz\/new\/wp-content\/uploads\/2016\/12\/vizualizace10-400x284.jpg\" alt=\"vizualizace\" class=\"wp-image-28794\" srcset=\"https:\/\/www.kuchyne-vega.cz\/new\/wp-content\/uploads\/2016\/12\/vizualizace10.jpg 479w, https:\/\/www.kuchyne-vega.cz\/new\/wp-content\/uploads\/2016\/12\/vizualizace10-400x284.jpg 480w\" sizes=\"(max-width:479px) 479px, 100vw\" \/><span class=\"et_overlay\" data-icon=\"\" data-icon-tablet=\"\" data-icon-phone=\"\"><\/span><\/a><\/div><\/div><div class=\"et_pb_gallery_item et_pb_grid_item et_pb_gallery_item_0_10\"><div class=\"et_pb_gallery_image landscape\" data-per_page=\"12\"><a href=\"https:\/\/www.kuchyne-vega.cz\/new\/wp-content\/uploads\/2016\/12\/vizualizace11.jpg\" title=\"vizualizace\"><img loading=\"lazy\" decoding=\"async\" width=\"400\" height=\"284\" src=\"https:\/\/www.kuchyne-vega.cz\/new\/wp-content\/uploads\/2016\/12\/vizualizace11-400x284.jpg\" alt=\"vizualizace\" class=\"wp-image-28795\" srcset=\"https:\/\/www.kuchyne-vega.cz\/new\/wp-content\/uploads\/2016\/12\/vizualizace11.jpg 479w, https:\/\/www.kuchyne-vega.cz\/new\/wp-content\/uploads\/2016\/12\/vizualizace11-400x284.jpg 480w\" sizes=\"(max-width:479px) 479px, 100vw\" \/><span class=\"et_overlay\" data-icon=\"\" data-icon-tablet=\"\" data-icon-phone=\"\"><\/span><\/a><\/div><\/div><div class=\"et_pb_gallery_item et_pb_grid_item et_pb_gallery_item_0_11\"><div class=\"et_pb_gallery_image landscape\" data-per_page=\"12\"><a href=\"https:\/\/www.kuchyne-vega.cz\/new\/wp-content\/uploads\/2016\/12\/vizualizace12.jpg\" title=\"vizualizace\"><img loading=\"lazy\" decoding=\"async\" width=\"400\" height=\"284\" src=\"https:\/\/www.kuchyne-vega.cz\/new\/wp-content\/uploads\/2016\/12\/vizualizace12-400x284.jpg\" alt=\"vizualizace\" class=\"wp-image-28796\" srcset=\"https:\/\/www.kuchyne-vega.cz\/new\/wp-content\/uploads\/2016\/12\/vizualizace12.jpg 479w, https:\/\/www.kuchyne-vega.cz\/new\/wp-content\/uploads\/2016\/12\/vizualizace12-400x284.jpg 480w\" sizes=\"(max-width:479px) 479px, 100vw\" \/><span class=\"et_overlay\" data-icon=\"\" data-icon-tablet=\"\" data-icon-phone=\"\"><\/span><\/a><\/div><\/div><\/div><\/div>\n<\/div>\n<\/div>\n<\/div>\n\n<div class=\"et_pb_section_3 et_pb_section et_section_regular et_block_section et_pb_section_parallax\"><span class=\"et-pb-parallax-wrapper\"><span class=\"et-pb-parallax-background et-pb-parallax-background--css et-pb-parallax-background-module--divi-section-3\" style=\"background-image:conic-gradient(from 180deg at center, rgba(50, 50, 50, 0.5) 0%,rgba(50, 50, 50, 0.5) 100%), url(https:\/\/www.kuchyne-vega.cz\/new\/wp-content\/uploads\/2019\/07\/realizace-byt-praha-vinohrady-2.jpg);background-blend-mode:multiply\"><\/span><\/span>\n<div class=\"et_pb_row_3 et_pb_row et_flex_row\">\n<div class=\"et_pb_column_3 et_pb_column et-last-child et_flex_column et_pb_css_mix_blend_mode_passthrough et_flex_column_24_24 et_flex_column_24_24_tablet et_flex_column_24_24_phone\">\n<div class=\"et_pb_text_1 et_pb_text et_pb_bg_layout_light et_pb_module et_block_module\"><div class=\"et_pb_text_inner\"><p>R\u00e1di se v\u00e1m budeme v\u011bnovat v na\u0161em studiu v Praze.<\/p>\n<\/div><\/div>\n<\/div>\n<\/div>\n\n<div class=\"et_pb_row_4 et_pb_row et_flex_row\">\n<div class=\"et_pb_column_4 et_pb_column et-last-child et_flex_column et_pb_css_mix_blend_mode_passthrough et_flex_column_24_24 et_flex_column_24_24_tablet et_flex_column_24_24_phone\">\n<div class=\"et_pb_module et_pb_button_module_wrapper et_pb_button_0_wrapper\"><a class=\"et_pb_button_0 et_pb_button et_pb_bg_layout_dark et_pb_module et_block_module\" href=\"\/new\/kontakt\">P\u0158IJ\u010eTE, ZAVOLEJTE, NAPI\u0160TE N\u00c1M<\/a><\/div>\n<\/div>\n<\/div>\n<\/div>","protected":false},"excerpt":{"rendered":"","protected":false},"author":1,"featured_media":0,"parent":26705,"menu_order":2,"comment_status":"closed","ping_status":"closed","template":"","meta":{"footnotes":""},"difl_page_category":[],"class_list":["post-27067","page","type-page","status-publish","hentry"],"yoast_head":"<!-- This site is optimized with the Yoast SEO plugin v27.4 - https:\/\/yoast.com\/product\/yoast-seo-wordpress\/ -->\n<title>3D n\u00e1vrhy - Interi\u00e9ry Vega<\/title>\n<meta name=\"robots\" content=\"index, follow, max-snippet:-1, max-image-preview:large, max-video-preview:-1\" \/>\n<link rel=\"canonical\" href=\"https:\/\/www.kuchyne-vega.cz\/new\/sluzby\/3d-navrhy\/\" \/>\n<meta property=\"og:locale\" content=\"cs_CZ\" \/>\n<meta property=\"og:type\" content=\"article\" \/>\n<meta property=\"og:title\" content=\"3D n\u00e1vrhy - Interi\u00e9ry Vega\" \/>\n<meta property=\"og:url\" content=\"https:\/\/www.kuchyne-vega.cz\/new\/sluzby\/3d-navrhy\/\" \/>\n<meta property=\"og:site_name\" content=\"Interi\u00e9ry Vega\" \/>\n<meta property=\"article:modified_time\" content=\"2026-04-08T09:28:42+00:00\" \/>\n<meta name=\"twitter:card\" content=\"summary_large_image\" \/>\n<script type=\"application\/ld+json\" class=\"yoast-schema-graph\">{\"@context\":\"https:\\\/\\\/schema.org\",\"@graph\":[{\"@type\":\"WebPage\",\"@id\":\"https:\\\/\\\/www.kuchyne-vega.cz\\\/new\\\/sluzby\\\/3d-navrhy\\\/\",\"url\":\"https:\\\/\\\/www.kuchyne-vega.cz\\\/new\\\/sluzby\\\/3d-navrhy\\\/\",\"name\":\"3D n\u00e1vrhy - Interi\u00e9ry Vega\",\"isPartOf\":{\"@id\":\"https:\\\/\\\/www.kuchyne-vega.cz\\\/new\\\/#website\"},\"datePublished\":\"2016-12-16T15:44:10+00:00\",\"dateModified\":\"2026-04-08T09:28:42+00:00\",\"breadcrumb\":{\"@id\":\"https:\\\/\\\/www.kuchyne-vega.cz\\\/new\\\/sluzby\\\/3d-navrhy\\\/#breadcrumb\"},\"inLanguage\":\"cs\",\"potentialAction\":[{\"@type\":\"ReadAction\",\"target\":[\"https:\\\/\\\/www.kuchyne-vega.cz\\\/new\\\/sluzby\\\/3d-navrhy\\\/\"]}]},{\"@type\":\"BreadcrumbList\",\"@id\":\"https:\\\/\\\/www.kuchyne-vega.cz\\\/new\\\/sluzby\\\/3d-navrhy\\\/#breadcrumb\",\"itemListElement\":[{\"@type\":\"ListItem\",\"position\":1,\"name\":\"\u00davod\",\"item\":\"https:\\\/\\\/www.kuchyne-vega.cz\\\/new\\\/\"},{\"@type\":\"ListItem\",\"position\":2,\"name\":\"Slu\u017eby\",\"item\":\"https:\\\/\\\/www.kuchyne-vega.cz\\\/new\\\/sluzby\\\/\"},{\"@type\":\"ListItem\",\"position\":3,\"name\":\"3D n\u00e1vrhy\"}]},{\"@type\":\"WebSite\",\"@id\":\"https:\\\/\\\/www.kuchyne-vega.cz\\\/new\\\/#website\",\"url\":\"https:\\\/\\\/www.kuchyne-vega.cz\\\/new\\\/\",\"name\":\"Interi\u00e9ry Vega\",\"description\":\"N\u00e1bytek a kuchyn\u011b pro V\u00e1\u0161 domov\",\"potentialAction\":[{\"@type\":\"SearchAction\",\"target\":{\"@type\":\"EntryPoint\",\"urlTemplate\":\"https:\\\/\\\/www.kuchyne-vega.cz\\\/new\\\/?s={search_term_string}\"},\"query-input\":{\"@type\":\"PropertyValueSpecification\",\"valueRequired\":true,\"valueName\":\"search_term_string\"}}],\"inLanguage\":\"cs\"}]}<\/script>\n<!-- \/ Yoast SEO plugin. -->","yoast_head_json":{"title":"3D n\u00e1vrhy - Interi\u00e9ry Vega","robots":{"index":"index","follow":"follow","max-snippet":"max-snippet:-1","max-image-preview":"max-image-preview:large","max-video-preview":"max-video-preview:-1"},"canonical":"https:\/\/www.kuchyne-vega.cz\/new\/sluzby\/3d-navrhy\/","og_locale":"cs_CZ","og_type":"article","og_title":"3D n\u00e1vrhy - Interi\u00e9ry Vega","og_url":"https:\/\/www.kuchyne-vega.cz\/new\/sluzby\/3d-navrhy\/","og_site_name":"Interi\u00e9ry Vega","article_modified_time":"2026-04-08T09:28:42+00:00","twitter_card":"summary_large_image","schema":{"@context":"https:\/\/schema.org","@graph":[{"@type":"WebPage","@id":"https:\/\/www.kuchyne-vega.cz\/new\/sluzby\/3d-navrhy\/","url":"https:\/\/www.kuchyne-vega.cz\/new\/sluzby\/3d-navrhy\/","name":"3D n\u00e1vrhy - Interi\u00e9ry Vega","isPartOf":{"@id":"https:\/\/www.kuchyne-vega.cz\/new\/#website"},"datePublished":"2016-12-16T15:44:10+00:00","dateModified":"2026-04-08T09:28:42+00:00","breadcrumb":{"@id":"https:\/\/www.kuchyne-vega.cz\/new\/sluzby\/3d-navrhy\/#breadcrumb"},"inLanguage":"cs","potentialAction":[{"@type":"ReadAction","target":["https:\/\/www.kuchyne-vega.cz\/new\/sluzby\/3d-navrhy\/"]}]},{"@type":"BreadcrumbList","@id":"https:\/\/www.kuchyne-vega.cz\/new\/sluzby\/3d-navrhy\/#breadcrumb","itemListElement":[{"@type":"ListItem","position":1,"name":"\u00davod","item":"https:\/\/www.kuchyne-vega.cz\/new\/"},{"@type":"ListItem","position":2,"name":"Slu\u017eby","item":"https:\/\/www.kuchyne-vega.cz\/new\/sluzby\/"},{"@type":"ListItem","position":3,"name":"3D n\u00e1vrhy"}]},{"@type":"WebSite","@id":"https:\/\/www.kuchyne-vega.cz\/new\/#website","url":"https:\/\/www.kuchyne-vega.cz\/new\/","name":"Interi\u00e9ry Vega","description":"N\u00e1bytek a kuchyn\u011b pro V\u00e1\u0161 domov","potentialAction":[{"@type":"SearchAction","target":{"@type":"EntryPoint","urlTemplate":"https:\/\/www.kuchyne-vega.cz\/new\/?s={search_term_string}"},"query-input":{"@type":"PropertyValueSpecification","valueRequired":true,"valueName":"search_term_string"}}],"inLanguage":"cs"}]}},"_links":{"self":[{"href":"https:\/\/www.kuchyne-vega.cz\/new\/wp-json\/wp\/v2\/pages\/27067","targetHints":{"allow":["GET"]}}],"collection":[{"href":"https:\/\/www.kuchyne-vega.cz\/new\/wp-json\/wp\/v2\/pages"}],"about":[{"href":"https:\/\/www.kuchyne-vega.cz\/new\/wp-json\/wp\/v2\/types\/page"}],"author":[{"embeddable":true,"href":"https:\/\/www.kuchyne-vega.cz\/new\/wp-json\/wp\/v2\/users\/1"}],"replies":[{"embeddable":true,"href":"https:\/\/www.kuchyne-vega.cz\/new\/wp-json\/wp\/v2\/comments?post=27067"}],"version-history":[{"count":24,"href":"https:\/\/www.kuchyne-vega.cz\/new\/wp-json\/wp\/v2\/pages\/27067\/revisions"}],"predecessor-version":[{"id":282698,"href":"https:\/\/www.kuchyne-vega.cz\/new\/wp-json\/wp\/v2\/pages\/27067\/revisions\/282698"}],"up":[{"embeddable":true,"href":"https:\/\/www.kuchyne-vega.cz\/new\/wp-json\/wp\/v2\/pages\/26705"}],"wp:attachment":[{"href":"https:\/\/www.kuchyne-vega.cz\/new\/wp-json\/wp\/v2\/media?parent=27067"}],"wp:term":[{"taxonomy":"difl_page_category","embeddable":true,"href":"https:\/\/www.kuchyne-vega.cz\/new\/wp-json\/wp\/v2\/difl_page_category?post=27067"}],"curies":[{"name":"wp","href":"https:\/\/api.w.org\/{rel}","templated":true}]}}