{"id":27065,"date":"2016-12-16T16:43:53","date_gmt":"2016-12-16T15:43:53","guid":{"rendered":"https:\/\/www.kuchyne-vega.cz\/new\/new\/?page_id=27065"},"modified":"2026-04-08T10:28:11","modified_gmt":"2026-04-08T09:28:11","slug":"konzultace-a-poradenstvi","status":"publish","type":"page","link":"https:\/\/www.kuchyne-vega.cz\/new\/sluzby\/konzultace-a-poradenstvi\/","title":{"rendered":"Konzultace a poradenstv\u00ed"},"content":{"rendered":"<div class=\"et_pb_section_0 et_pb_section et_section_regular et_block_section\">\n<div class=\"et_pb_row_0 et_pb_row et_block_row\">\n<div class=\"et_pb_column_0 et_pb_column et_pb_column_4_4 et-last-child et_block_column et_pb_css_mix_blend_mode_passthrough\">\n<div class=\"et_pb_post_title_0 et_pb_post_title et_pb_bg_layout_dark et_pb_text_align_left et_pb_module et_block_module\"><div class=\"et_pb_title_container\"><h1 class=\"entry-title\">Konzultace a poradenstv\u00ed<\/h1><\/div><\/div>\n<\/div>\n<\/div>\n\n<div class=\"et_pb_row_1 et_pb_row et_block_row\">\n<div class=\"et_pb_column_1 et_pb_column et_pb_column_4_4 et-last-child et_block_column et_pb_css_mix_blend_mode_passthrough\">\n<div class=\"et_pb_text_0 et_pb_text et_pb_bg_layout_light et_pb_module et_block_module under-text\"><div class=\"et_pb_text_inner\"><p><span style=\"color: #ffffff;\">Stav\u00edte d\u016fm \u010di byt nebo jen pl\u00e1nujete rekonstrukci a nev\u00edte si rady s\u00a0n\u00e1vrhem kuchy\u0148sk\u00e9 linky nebo ob\u00fdvac\u00edho pokoje \u010di jin\u00e9 m\u00edstnosti? Nechte tyto starosti na n\u00e1s. R\u00e1di v\u00e1m porad\u00edme a pom\u016f\u017eeme s\u00a0n\u00e1vrhem n\u00e1bytku, aby byl nejen kr\u00e1sn\u00fd a nad\u010dasov\u00fd, ale i praktick\u00fd a \u00fatuln\u00fd. Na\u0161\u00edm c\u00edlem je va\u0161e spokojenost s\u00a0n\u00e1bytkem od n\u00e1s po dlouh\u00e1 l\u00e9ta.<\/span><\/p>\n<\/div><\/div>\n<\/div>\n<\/div>\n<\/div>\n\n<div class=\"et_pb_section_1 et_pb_section et_section_regular et_flex_section\"><\/div>\n\n<div class=\"et_pb_section_2 et_pb_section et_section_regular et_block_section\">\n<div class=\"et_pb_row_2 et_pb_row et_block_row\">\n<div class=\"et_pb_column_2 et_pb_column et_pb_column_1_2 et_block_column et_pb_css_mix_blend_mode_passthrough\">\n<div class=\"et_pb_text_1 et_pb_text et_pb_bg_layout_light et_pb_module et_block_module\"><div class=\"et_pb_text_inner\"><h3><span style=\"color: #e09900;\">Cht\u011bli byste si u n\u00e1s nechat navrhnout va\u0161i novou kuchy\u0148skou linku nebo celkov\u00fd interi\u00e9r domu \u010di bytu a nev\u00edte jak postupovat?<\/span><\/h3>\n<ul style=\"font-weight: 400;\">\n<li>n\u00e1v\u0161t\u011bvou na\u0161eho studia si ud\u011bl\u00e1te p\u0159edstavu o na\u0161\u00ed nab\u00eddce a kvalit\u011b n\u00e1bytku<\/li>\n<li>doporu\u010dujeme v\u00e1m telefonicky si sjednat sch\u016fzku v\u00a0na\u0161em studiu, abychom se V\u00e1m mohli maxim\u00e1ln\u011b v\u011bnovat<\/li>\n<li>na sch\u016fzku je dobr\u00e9 p\u0159in\u00e9st p\u016fdorys prostoru s\u00a0alespo\u0148 hrub\u00fdmi rozm\u011bry a\u00a0vyzna\u010den\u00fdmi pozicemi oken, dve\u0159\u00ed, p\u0159\u00edpadn\u00fdch rozvod\u016f vody, elekt\u0159iny apod.,<\/li>\n<li>p\u0159edstav\u00edme v\u00e1m r\u016fzn\u00e9 mo\u017enosti materi\u00e1lov\u00e9ho a barevn\u00e9ho \u0159e\u0161en\u00ed va\u0161eho nov\u00e9ho n\u00e1bytku, navrhneme v\u00e1m i\u00a0r\u016fzn\u00e9 vnit\u0159n\u00ed vybaven\u00ed sk\u0159\u00edn\u011bk, aby byly maxim\u00e1ln\u011b vyu\u017eiteln\u00e9 a praktick\u00e9<\/li>\n<li>pokud si budete cht\u00edt kompletn\u00ed n\u00e1vrh kuchyn\u011b s\u00a0cenovou nab\u00eddkou odn\u00e9st dom\u016f, tak V\u00e1s po\u017e\u00e1d\u00e1me o z\u00e1lohu 4500\u00a0K\u010d, kterou v\u00e1m p\u0159i objedn\u00e1n\u00ed n\u00e1bytku vr\u00e1t\u00edme. Tato \u010d\u00e1stka je jednor\u00e1zov\u00e1, zahrnuje dv\u011b \u00fapravy n\u00e1vrhu a dv\u011b osobn\u00ed konzultace<\/li>\n<li>samoz\u0159ejmost\u00ed je pro n\u00e1s i mo\u017enost vypracov\u00e1n\u00ed v\u00fdkres\u016f elektroinstalac\u00ed a\u00a0rozvod\u016f vody a\u00a0odpadu na kone\u010dnou verzi n\u00e1vrhu. Tato slu\u017eba je zpoplatn\u011bna z\u00e1lohou 2200\u00a0K\u010d, kterou v\u00e1m vr\u00e1t\u00edme p\u0159i uzav\u0159en\u00ed smlouvy<\/li>\n<li>n\u00e1vrh dal\u0161\u00edho interi\u00e9ru r\u00e1di p\u0159iprav\u00edme, poplatek bude individu\u00e1ln\u00ed podle rozsahu<\/li>\n<li>p\u0159ed objedn\u00e1n\u00edm kuchyn\u011b nebo dal\u0161\u00edho n\u00e1bytku cel\u00fd prostor zdarma p\u0159esn\u011b zam\u011b\u0159\u00edme<\/li>\n<li>p\u0159ed dod\u00e1n\u00edm n\u00e1bytku v\u00e1s budeme v\u010das kontaktovat, abychom se domluvili na p\u0159esn\u00e9m term\u00ednu mont\u00e1\u017ee<\/li>\n<\/ul>\n<\/div><\/div>\n<\/div>\n\n<div class=\"et_pb_column_3 et_pb_column et_pb_column_1_2 et-last-child et_block_column et_pb_css_mix_blend_mode_passthrough\">\n<div class=\"et_pb_image_0 et_pb_image et_animated et_pb_module et_block_module\"><span class=\"et_pb_image_wrap\"><img loading=\"lazy\" decoding=\"async\" src=\"https:\/\/www.kuchyne-vega.cz\/new\/wp-content\/uploads\/2026\/02\/TOM4277-kopie-2.jpg\" alt=\"Realizace \u2013\u00a0rodinn\u00fd d\u016fm Praha\" title=\"Realizace \u2013\u00a0rodinn\u00fd d\u016fm Praha\" width=\"1920\" height=\"1280\" srcset=\"https:\/\/www.kuchyne-vega.cz\/new\/wp-content\/uploads\/2026\/02\/TOM4277-kopie-2.jpg 1920w, https:\/\/www.kuchyne-vega.cz\/new\/wp-content\/uploads\/2026\/02\/TOM4277-kopie-2-1280x853.jpg 1280w, https:\/\/www.kuchyne-vega.cz\/new\/wp-content\/uploads\/2026\/02\/TOM4277-kopie-2-980x653.jpg 980w, https:\/\/www.kuchyne-vega.cz\/new\/wp-content\/uploads\/2026\/02\/TOM4277-kopie-2-480x320.jpg 480w\" sizes=\"(min-width: 0px) and (max-width: 480px) 480px, (min-width: 481px) and (max-width: 980px) 980px, (min-width: 981px) and (max-width: 1280px) 1280px, (min-width: 1281px) 1920px, 100vw\" class=\"wp-image-282401\" \/><\/span><\/div>\n\n<div class=\"et_pb_image_1 et_pb_image et_animated et_pb_module et_block_module\"><span class=\"et_pb_image_wrap\"><img loading=\"lazy\" decoding=\"async\" src=\"https:\/\/www.kuchyne-vega.cz\/new\/wp-content\/uploads\/2023\/04\/TOM9076-kopie-2.jpg\" alt=\"Byt Praha 8\" title=\"Byt Praha 8\" width=\"1920\" height=\"1280\" srcset=\"https:\/\/www.kuchyne-vega.cz\/new\/wp-content\/uploads\/2023\/04\/TOM9076-kopie-2.jpg 1920w, https:\/\/www.kuchyne-vega.cz\/new\/wp-content\/uploads\/2023\/04\/TOM9076-kopie-2-1280x853.jpg 1280w, https:\/\/www.kuchyne-vega.cz\/new\/wp-content\/uploads\/2023\/04\/TOM9076-kopie-2-980x653.jpg 980w, https:\/\/www.kuchyne-vega.cz\/new\/wp-content\/uploads\/2023\/04\/TOM9076-kopie-2-480x320.jpg 480w\" sizes=\"(min-width: 0px) and (max-width: 480px) 480px, (min-width: 481px) and (max-width: 980px) 980px, (min-width: 981px) and (max-width: 1280px) 1280px, (min-width: 1281px) 1920px, 100vw\" class=\"wp-image-30264\" \/><\/span><\/div>\n\n<div class=\"et_pb_image_2 et_pb_image et_animated et_pb_module et_block_module\"><span class=\"et_pb_image_wrap\"><img loading=\"lazy\" decoding=\"async\" src=\"https:\/\/www.kuchyne-vega.cz\/new\/wp-content\/uploads\/2026\/02\/TOM4222-kopie-2.jpg\" alt=\"Realizace \u2013\u00a0rodinn\u00fd d\u016fm Praha\" title=\"Realizace \u2013\u00a0rodinn\u00fd d\u016fm Praha\" width=\"1920\" height=\"1280\" srcset=\"https:\/\/www.kuchyne-vega.cz\/new\/wp-content\/uploads\/2026\/02\/TOM4222-kopie-2.jpg 1920w, https:\/\/www.kuchyne-vega.cz\/new\/wp-content\/uploads\/2026\/02\/TOM4222-kopie-2-1280x853.jpg 1280w, https:\/\/www.kuchyne-vega.cz\/new\/wp-content\/uploads\/2026\/02\/TOM4222-kopie-2-980x653.jpg 980w, https:\/\/www.kuchyne-vega.cz\/new\/wp-content\/uploads\/2026\/02\/TOM4222-kopie-2-480x320.jpg 480w\" sizes=\"(min-width: 0px) and (max-width: 480px) 480px, (min-width: 481px) and (max-width: 980px) 980px, (min-width: 981px) and (max-width: 1280px) 1280px, (min-width: 1281px) 1920px, 100vw\" class=\"wp-image-282397\" \/><\/span><\/div>\n<\/div>\n<\/div>\n<\/div>\n\n<div class=\"et_pb_section_3 et_pb_section et_section_regular et_block_section et_pb_section_parallax\"><span class=\"et-pb-parallax-wrapper\"><span class=\"et-pb-parallax-background et-pb-parallax-background--css et-pb-parallax-background-module--divi-section-3\" style=\"background-image:conic-gradient(from 180deg at center, rgba(50, 50, 50, 0.5) 0%,rgba(50, 50, 50, 0.5) 100%), url(https:\/\/www.kuchyne-vega.cz\/new\/wp-content\/uploads\/2019\/07\/realizace-byt-praha-vinohrady-2.jpg);background-blend-mode:multiply\"><\/span><\/span>\n<div class=\"et_pb_row_3 et_pb_row et_flex_row\">\n<div class=\"et_pb_column_4 et_pb_column et-last-child et_flex_column et_pb_css_mix_blend_mode_passthrough et_flex_column_24_24 et_flex_column_24_24_tablet et_flex_column_24_24_phone\">\n<div class=\"et_pb_text_2 et_pb_text et_pb_bg_layout_light et_pb_module et_block_module\"><div class=\"et_pb_text_inner\"><p>R\u00e1di se v\u00e1m budeme v\u011bnovat v na\u0161em studiu v Praze.<\/p>\n<\/div><\/div>\n<\/div>\n<\/div>\n\n<div class=\"et_pb_row_4 et_pb_row et_flex_row\">\n<div class=\"et_pb_column_5 et_pb_column et-last-child et_flex_column et_pb_css_mix_blend_mode_passthrough et_flex_column_24_24 et_flex_column_24_24_tablet et_flex_column_24_24_phone\">\n<div class=\"et_pb_module et_pb_button_module_wrapper et_pb_button_0_wrapper\"><a class=\"et_pb_button_0 et_pb_button et_pb_bg_layout_dark et_pb_module et_block_module\" href=\"\/new\/kontakt\">P\u0158IJ\u010eTE, ZAVOLEJTE, NAPI\u0160TE N\u00c1M<\/a><\/div>\n<\/div>\n<\/div>\n<\/div>","protected":false},"excerpt":{"rendered":"","protected":false},"author":1,"featured_media":0,"parent":26705,"menu_order":1,"comment_status":"closed","ping_status":"closed","template":"","meta":{"footnotes":""},"difl_page_category":[],"class_list":["post-27065","page","type-page","status-publish","hentry"],"yoast_head":"<!-- This site is optimized with the Yoast SEO plugin v27.4 - https:\/\/yoast.com\/product\/yoast-seo-wordpress\/ -->\n<title>Konzultace a poradenstv\u00ed - Interi\u00e9ry Vega<\/title>\n<meta name=\"robots\" content=\"index, follow, max-snippet:-1, max-image-preview:large, max-video-preview:-1\" \/>\n<link rel=\"canonical\" href=\"https:\/\/www.kuchyne-vega.cz\/new\/sluzby\/konzultace-a-poradenstvi\/\" \/>\n<meta property=\"og:locale\" content=\"cs_CZ\" \/>\n<meta property=\"og:type\" content=\"article\" \/>\n<meta property=\"og:title\" content=\"Konzultace a poradenstv\u00ed - Interi\u00e9ry Vega\" \/>\n<meta property=\"og:url\" content=\"https:\/\/www.kuchyne-vega.cz\/new\/sluzby\/konzultace-a-poradenstvi\/\" \/>\n<meta property=\"og:site_name\" content=\"Interi\u00e9ry Vega\" \/>\n<meta property=\"article:modified_time\" content=\"2026-04-08T09:28:11+00:00\" \/>\n<meta name=\"twitter:card\" content=\"summary_large_image\" \/>\n<script type=\"application\/ld+json\" class=\"yoast-schema-graph\">{\"@context\":\"https:\\\/\\\/schema.org\",\"@graph\":[{\"@type\":\"WebPage\",\"@id\":\"https:\\\/\\\/www.kuchyne-vega.cz\\\/new\\\/sluzby\\\/konzultace-a-poradenstvi\\\/\",\"url\":\"https:\\\/\\\/www.kuchyne-vega.cz\\\/new\\\/sluzby\\\/konzultace-a-poradenstvi\\\/\",\"name\":\"Konzultace a poradenstv\u00ed - Interi\u00e9ry Vega\",\"isPartOf\":{\"@id\":\"https:\\\/\\\/www.kuchyne-vega.cz\\\/new\\\/#website\"},\"datePublished\":\"2016-12-16T15:43:53+00:00\",\"dateModified\":\"2026-04-08T09:28:11+00:00\",\"breadcrumb\":{\"@id\":\"https:\\\/\\\/www.kuchyne-vega.cz\\\/new\\\/sluzby\\\/konzultace-a-poradenstvi\\\/#breadcrumb\"},\"inLanguage\":\"cs\",\"potentialAction\":[{\"@type\":\"ReadAction\",\"target\":[\"https:\\\/\\\/www.kuchyne-vega.cz\\\/new\\\/sluzby\\\/konzultace-a-poradenstvi\\\/\"]}]},{\"@type\":\"BreadcrumbList\",\"@id\":\"https:\\\/\\\/www.kuchyne-vega.cz\\\/new\\\/sluzby\\\/konzultace-a-poradenstvi\\\/#breadcrumb\",\"itemListElement\":[{\"@type\":\"ListItem\",\"position\":1,\"name\":\"\u00davod\",\"item\":\"https:\\\/\\\/www.kuchyne-vega.cz\\\/new\\\/\"},{\"@type\":\"ListItem\",\"position\":2,\"name\":\"Slu\u017eby\",\"item\":\"https:\\\/\\\/www.kuchyne-vega.cz\\\/new\\\/sluzby\\\/\"},{\"@type\":\"ListItem\",\"position\":3,\"name\":\"Konzultace a poradenstv\u00ed\"}]},{\"@type\":\"WebSite\",\"@id\":\"https:\\\/\\\/www.kuchyne-vega.cz\\\/new\\\/#website\",\"url\":\"https:\\\/\\\/www.kuchyne-vega.cz\\\/new\\\/\",\"name\":\"Interi\u00e9ry Vega\",\"description\":\"N\u00e1bytek a kuchyn\u011b pro V\u00e1\u0161 domov\",\"potentialAction\":[{\"@type\":\"SearchAction\",\"target\":{\"@type\":\"EntryPoint\",\"urlTemplate\":\"https:\\\/\\\/www.kuchyne-vega.cz\\\/new\\\/?s={search_term_string}\"},\"query-input\":{\"@type\":\"PropertyValueSpecification\",\"valueRequired\":true,\"valueName\":\"search_term_string\"}}],\"inLanguage\":\"cs\"}]}<\/script>\n<!-- \/ Yoast SEO plugin. -->","yoast_head_json":{"title":"Konzultace a poradenstv\u00ed - Interi\u00e9ry Vega","robots":{"index":"index","follow":"follow","max-snippet":"max-snippet:-1","max-image-preview":"max-image-preview:large","max-video-preview":"max-video-preview:-1"},"canonical":"https:\/\/www.kuchyne-vega.cz\/new\/sluzby\/konzultace-a-poradenstvi\/","og_locale":"cs_CZ","og_type":"article","og_title":"Konzultace a poradenstv\u00ed - Interi\u00e9ry Vega","og_url":"https:\/\/www.kuchyne-vega.cz\/new\/sluzby\/konzultace-a-poradenstvi\/","og_site_name":"Interi\u00e9ry Vega","article_modified_time":"2026-04-08T09:28:11+00:00","twitter_card":"summary_large_image","schema":{"@context":"https:\/\/schema.org","@graph":[{"@type":"WebPage","@id":"https:\/\/www.kuchyne-vega.cz\/new\/sluzby\/konzultace-a-poradenstvi\/","url":"https:\/\/www.kuchyne-vega.cz\/new\/sluzby\/konzultace-a-poradenstvi\/","name":"Konzultace a poradenstv\u00ed - Interi\u00e9ry Vega","isPartOf":{"@id":"https:\/\/www.kuchyne-vega.cz\/new\/#website"},"datePublished":"2016-12-16T15:43:53+00:00","dateModified":"2026-04-08T09:28:11+00:00","breadcrumb":{"@id":"https:\/\/www.kuchyne-vega.cz\/new\/sluzby\/konzultace-a-poradenstvi\/#breadcrumb"},"inLanguage":"cs","potentialAction":[{"@type":"ReadAction","target":["https:\/\/www.kuchyne-vega.cz\/new\/sluzby\/konzultace-a-poradenstvi\/"]}]},{"@type":"BreadcrumbList","@id":"https:\/\/www.kuchyne-vega.cz\/new\/sluzby\/konzultace-a-poradenstvi\/#breadcrumb","itemListElement":[{"@type":"ListItem","position":1,"name":"\u00davod","item":"https:\/\/www.kuchyne-vega.cz\/new\/"},{"@type":"ListItem","position":2,"name":"Slu\u017eby","item":"https:\/\/www.kuchyne-vega.cz\/new\/sluzby\/"},{"@type":"ListItem","position":3,"name":"Konzultace a poradenstv\u00ed"}]},{"@type":"WebSite","@id":"https:\/\/www.kuchyne-vega.cz\/new\/#website","url":"https:\/\/www.kuchyne-vega.cz\/new\/","name":"Interi\u00e9ry Vega","description":"N\u00e1bytek a kuchyn\u011b pro V\u00e1\u0161 domov","potentialAction":[{"@type":"SearchAction","target":{"@type":"EntryPoint","urlTemplate":"https:\/\/www.kuchyne-vega.cz\/new\/?s={search_term_string}"},"query-input":{"@type":"PropertyValueSpecification","valueRequired":true,"valueName":"search_term_string"}}],"inLanguage":"cs"}]}},"_links":{"self":[{"href":"https:\/\/www.kuchyne-vega.cz\/new\/wp-json\/wp\/v2\/pages\/27065","targetHints":{"allow":["GET"]}}],"collection":[{"href":"https:\/\/www.kuchyne-vega.cz\/new\/wp-json\/wp\/v2\/pages"}],"about":[{"href":"https:\/\/www.kuchyne-vega.cz\/new\/wp-json\/wp\/v2\/types\/page"}],"author":[{"embeddable":true,"href":"https:\/\/www.kuchyne-vega.cz\/new\/wp-json\/wp\/v2\/users\/1"}],"replies":[{"embeddable":true,"href":"https:\/\/www.kuchyne-vega.cz\/new\/wp-json\/wp\/v2\/comments?post=27065"}],"version-history":[{"count":23,"href":"https:\/\/www.kuchyne-vega.cz\/new\/wp-json\/wp\/v2\/pages\/27065\/revisions"}],"predecessor-version":[{"id":282697,"href":"https:\/\/www.kuchyne-vega.cz\/new\/wp-json\/wp\/v2\/pages\/27065\/revisions\/282697"}],"up":[{"embeddable":true,"href":"https:\/\/www.kuchyne-vega.cz\/new\/wp-json\/wp\/v2\/pages\/26705"}],"wp:attachment":[{"href":"https:\/\/www.kuchyne-vega.cz\/new\/wp-json\/wp\/v2\/media?parent=27065"}],"wp:term":[{"taxonomy":"difl_page_category","embeddable":true,"href":"https:\/\/www.kuchyne-vega.cz\/new\/wp-json\/wp\/v2\/difl_page_category?post=27065"}],"curies":[{"name":"wp","href":"https:\/\/api.w.org\/{rel}","templated":true}]}}