{"id":26705,"date":"2016-12-16T15:14:23","date_gmt":"2016-12-16T14:14:23","guid":{"rendered":"https:\/\/www.kuchyne-vega.cz\/new\/new\/?page_id=26705"},"modified":"2026-04-08T10:27:43","modified_gmt":"2026-04-08T09:27:43","slug":"sluzby","status":"publish","type":"page","link":"https:\/\/www.kuchyne-vega.cz\/new\/sluzby\/","title":{"rendered":"Slu\u017eby"},"content":{"rendered":"<div class=\"et_pb_section_0 et_pb_section et_section_regular et_block_section\">\n<div class=\"et_pb_row_0 et_pb_row et_block_row\">\n<div class=\"et_pb_column_0 et_pb_column et_pb_column_4_4 et-last-child et_block_column et_pb_css_mix_blend_mode_passthrough\">\n<div class=\"et_pb_post_title_0 et_pb_post_title et_pb_bg_layout_dark et_pb_text_align_left et_pb_module et_block_module\"><div class=\"et_pb_title_container\"><h1 class=\"entry-title\">Slu\u017eby<\/h1><\/div><\/div>\n<\/div>\n<\/div>\n\n<div class=\"et_pb_row_1 et_pb_row et_block_row\">\n<div class=\"et_pb_column_1 et_pb_column et_pb_column_4_4 et-last-child et_block_column et_pb_css_mix_blend_mode_passthrough\">\n<div class=\"et_pb_text_0 et_pb_text et_pb_bg_layout_light et_pb_module et_block_module under-text\"><div class=\"et_pb_text_inner\"><p><span style=\"color: #ffffff;\">Nab\u00edz\u00edme v\u00e1m mo\u017enost komplexn\u00edho \u0159e\u0161en\u00ed cel\u00e9ho interi\u00e9ru z\u00a0jednoho materi\u00e1lov\u00e9ho zdroje a\u00a0ve stejn\u00e9m stylu. Vyrobit je mo\u017en\u00e9 i\u00a0atypick\u00e9 prvky \u010di\u00a0speci\u00e1ln\u00ed n\u00e1bytek na zak\u00e1zku a\u00a0r\u016fzn\u00e9 dopl\u0148ky.<\/span><\/p>\n<\/div><\/div>\n<\/div>\n<\/div>\n<\/div>\n\n<div class=\"et_pb_section_1 et_pb_section et_section_regular et_flex_section\"><\/div>\n\n<div class=\"et_pb_section_2 et_pb_section et_section_regular et_block_section\">\n<div class=\"et_pb_row_2 et_pb_row et_flex_row\">\n<div class=\"et_pb_column_2 et_pb_column et-last-child et_flex_column et_pb_css_mix_blend_mode_passthrough et_flex_column_24_24 et_flex_column_24_24_tablet et_flex_column_24_24_phone\">\n<div class=\"et_pb_text_1 et_pb_text et_pb_bg_layout_light et_pb_module et_flex_module\"><div class=\"et_pb_text_inner\"><p>Vybaven\u00ed interi\u00e9ru n\u00e1bytkem a\u00a0kuchyn\u011bmi zahrnuje i\u00a0kompletn\u00ed poradenstv\u00ed pro z\u00e1kazn\u00edky a\u00a0servis \u2013 od prvotn\u00edho n\u00e1hledu p\u0159es prostorov\u00fd a\u00a0materi\u00e1lov\u00fd n\u00e1vrh, zam\u011b\u0159en\u00ed, v\u00fdrobu, dopravu a\u017e po\u00a0odbornou mont\u00e1\u017e sestav a\u00a0instalaci spot\u0159ebi\u010d\u016f. D\u016fkazem p\u00e9\u010de o\u00a0klienty je i\u00a0poz\u00e1ru\u010dn\u00ed servis. Velk\u00fd d\u016fraz klademe na p\u0159esn\u00e9 materi\u00e1lov\u00e9 zpracov\u00e1n\u00ed, kvalitn\u00ed povrchovou \u00fapravu, \u0161pi\u010dkov\u00e9 kov\u00e1n\u00ed, odbornou mont\u00e1\u017e. Modern\u00ed technologick\u00e9 celky, v\u00fdkonn\u00e9 \u0159\u00edd\u00edc\u00ed syst\u00e9my, vz\u00e1jemn\u00e9 propojen\u00ed jednotliv\u00fdch pracovi\u0161\u0165, modern\u00ed v\u00fdrobn\u00ed postupy a\u00a0t\u00fdm zku\u0161en\u00fdch pracovn\u00edk\u016f ve v\u0161ech f\u00e1z\u00edch zpracov\u00e1n\u00ed zak\u00e1zky jsou hlavn\u00edmi p\u0159ednostmi spole\u010dnosti.<\/p>\n<p>Filosofi\u00ed a\u00a0c\u00edlem spole\u010dnosti je spokojen\u00fd klient a\u00a0jeho kladn\u00e9 reference.<\/p>\n<\/div><\/div>\n<\/div>\n<\/div>\n\n<div class=\"et_pb_row_3 et_pb_row et_pb_row_4col et_block_row et_block_row_4col\">\n<div class=\"et_pb_column_3 et_pb_column et_pb_column_1_4 et_block_column et_pb_css_mix_blend_mode_passthrough\">\n<div class=\"et_pb_blurb_0 et_pb_blurb et_pb_bg_layout_light et_pb_text_align_center et_pb_blurb_position_top et_pb_module et_block_module zoom-blurb\"><div class=\"et_pb_blurb_content\"><div class=\"et_pb_main_blurb_image\"><a href=\"\/new\/sluzby\/konzultace-a-poradenstvi\/\"><span class=\"et_pb_image_wrap et_pb_only_image_mode_wrap\"><img loading=\"lazy\" decoding=\"async\" src=\"https:\/\/www.kuchyne-vega.cz\/new\/wp-content\/uploads\/2017\/12\/sluzby-konzultace.jpg\" width=\"900\" height=\"680\" srcset=\"https:\/\/www.kuchyne-vega.cz\/new\/wp-content\/uploads\/2017\/12\/sluzby-konzultace.jpg 900w, https:\/\/www.kuchyne-vega.cz\/new\/wp-content\/uploads\/2017\/12\/sluzby-konzultace-300x227.jpg 300w, https:\/\/www.kuchyne-vega.cz\/new\/wp-content\/uploads\/2017\/12\/sluzby-konzultace-768x580.jpg 768w\" sizes=\"(max-width: 900px) 100vw, 900px\" class=\"wp-image-29336\" alt=\"kuchyn\u011b lakovan\u00e9\" \/><\/span><\/a><\/div><div class=\"et_pb_blurb_container\"><h4 class=\"et_pb_module_header\"><a href=\"\/new\/sluzby\/konzultace-a-poradenstvi\/\">Konzultace a poradenstv\u00ed<\/a><\/h4><\/div><\/div><\/div>\n<\/div>\n\n<div class=\"et_pb_column_4 et_pb_column et_pb_column_1_4 et_block_column et_pb_css_mix_blend_mode_passthrough\">\n<div class=\"et_pb_blurb_1 et_pb_blurb et_pb_bg_layout_light et_pb_text_align_center et_pb_blurb_position_top et_pb_module et_block_module zoom-blurb\"><div class=\"et_pb_blurb_content\"><div class=\"et_pb_main_blurb_image\"><a href=\"\/new\/sluzby\/3d-navrhy\/\"><span class=\"et_pb_image_wrap et_pb_only_image_mode_wrap\"><img loading=\"lazy\" decoding=\"async\" src=\"https:\/\/www.kuchyne-vega.cz\/new\/wp-content\/uploads\/2017\/12\/sluzby-3d.jpg\" width=\"900\" height=\"680\" srcset=\"https:\/\/www.kuchyne-vega.cz\/new\/wp-content\/uploads\/2017\/12\/sluzby-3d.jpg 900w, https:\/\/www.kuchyne-vega.cz\/new\/wp-content\/uploads\/2017\/12\/sluzby-3d-300x227.jpg 300w, https:\/\/www.kuchyne-vega.cz\/new\/wp-content\/uploads\/2017\/12\/sluzby-3d-768x580.jpg 768w\" sizes=\"(max-width: 900px) 100vw, 900px\" class=\"wp-image-29337\" alt=\"kuchyn\u011b d\u00fdhovan\u00e9\" \/><\/span><\/a><\/div><div class=\"et_pb_blurb_container\"><h4 class=\"et_pb_module_header\"><a href=\"\/new\/sluzby\/3d-navrhy\/\">3D n\u00e1vrhy<\/a><\/h4><\/div><\/div><\/div>\n<\/div>\n\n<div class=\"et_pb_column_5 et_pb_column et_pb_column_1_4 et_block_column et_pb_css_mix_blend_mode_passthrough\">\n<div class=\"et_pb_blurb_2 et_pb_blurb et_pb_bg_layout_light et_pb_text_align_center et_pb_blurb_position_top et_pb_module et_block_module zoom-blurb\"><div class=\"et_pb_blurb_content\"><div class=\"et_pb_main_blurb_image\"><a href=\"\/new\/sluzby\/rozpocty\/\"><span class=\"et_pb_image_wrap et_pb_only_image_mode_wrap\"><img loading=\"lazy\" decoding=\"async\" src=\"https:\/\/www.kuchyne-vega.cz\/new\/wp-content\/uploads\/2017\/12\/sluzby-2.jpg\" width=\"900\" height=\"680\" srcset=\"https:\/\/www.kuchyne-vega.cz\/new\/wp-content\/uploads\/2017\/12\/sluzby-2.jpg 900w, https:\/\/www.kuchyne-vega.cz\/new\/wp-content\/uploads\/2017\/12\/sluzby-2-300x227.jpg 300w, https:\/\/www.kuchyne-vega.cz\/new\/wp-content\/uploads\/2017\/12\/sluzby-2-768x580.jpg 768w\" sizes=\"(max-width: 900px) 100vw, 900px\" class=\"wp-image-29338\" alt=\"kuchyn\u011b d\u00fdhovan\u00e9\" \/><\/span><\/a><\/div><div class=\"et_pb_blurb_container\"><h4 class=\"et_pb_module_header\"><a href=\"\/new\/sluzby\/rozpocty\/\">Rozpo\u010dty<\/a><\/h4><\/div><\/div><\/div>\n<\/div>\n\n<div class=\"et_pb_column_6 et_pb_column et_pb_column_1_4 et-last-child et_block_column et_pb_css_mix_blend_mode_passthrough\">\n<div class=\"et_pb_blurb_3 et_pb_blurb et_pb_bg_layout_light et_pb_text_align_center et_pb_blurb_position_top et_pb_module et_block_module zoom-blurb\"><div class=\"et_pb_blurb_content\"><div class=\"et_pb_main_blurb_image\"><a href=\"\/new\/sluzby\/doprava\/\"><span class=\"et_pb_image_wrap et_pb_only_image_mode_wrap\"><img loading=\"lazy\" decoding=\"async\" src=\"https:\/\/www.kuchyne-vega.cz\/new\/wp-content\/uploads\/2017\/12\/sluzby-1.jpg\" width=\"900\" height=\"680\" srcset=\"https:\/\/www.kuchyne-vega.cz\/new\/wp-content\/uploads\/2017\/12\/sluzby-1.jpg 900w, https:\/\/www.kuchyne-vega.cz\/new\/wp-content\/uploads\/2017\/12\/sluzby-1-300x227.jpg 300w, https:\/\/www.kuchyne-vega.cz\/new\/wp-content\/uploads\/2017\/12\/sluzby-1-768x580.jpg 768w\" sizes=\"(max-width: 900px) 100vw, 900px\" class=\"wp-image-29339\" alt=\"kuchyn\u011b d\u00fdhovan\u00e9\" \/><\/span><\/a><\/div><div class=\"et_pb_blurb_container\"><h4 class=\"et_pb_module_header\"><a href=\"\/new\/sluzby\/doprava\/\">Doprava<\/a><\/h4><\/div><\/div><\/div>\n<\/div>\n<\/div>\n<\/div>\n\n<div class=\"et_pb_section_3 et_pb_section et_section_regular et_block_section et_pb_section_parallax\"><span class=\"et-pb-parallax-wrapper\"><span class=\"et-pb-parallax-background et-pb-parallax-background--css et-pb-parallax-background-module--divi-section-3\" style=\"background-image:conic-gradient(from 180deg at center, rgba(50, 50, 50, 0.5) 0%,rgba(50, 50, 50, 0.5) 100%), url(https:\/\/www.kuchyne-vega.cz\/new\/wp-content\/uploads\/2019\/07\/realizace-byt-praha-vinohrady-2.jpg);background-blend-mode:multiply\"><\/span><\/span>\n<div class=\"et_pb_row_4 et_pb_row et_flex_row\">\n<div class=\"et_pb_column_7 et_pb_column et-last-child et_flex_column et_pb_css_mix_blend_mode_passthrough et_flex_column_24_24 et_flex_column_24_24_tablet et_flex_column_24_24_phone\">\n<div class=\"et_pb_text_2 et_pb_text et_pb_bg_layout_light et_pb_module et_block_module\"><div class=\"et_pb_text_inner\"><p>R\u00e1di se v\u00e1m budeme v\u011bnovat v na\u0161em studiu v Praze.<\/p>\n<\/div><\/div>\n<\/div>\n<\/div>\n\n<div class=\"et_pb_row_5 et_pb_row et_flex_row\">\n<div class=\"et_pb_column_8 et_pb_column et-last-child et_flex_column et_pb_css_mix_blend_mode_passthrough et_flex_column_24_24 et_flex_column_24_24_tablet et_flex_column_24_24_phone\">\n<div class=\"et_pb_module et_pb_button_module_wrapper et_pb_button_0_wrapper\"><a class=\"et_pb_button_0 et_pb_button et_pb_bg_layout_dark et_pb_module et_block_module\" href=\"\/new\/kontakt\">P\u0158IJ\u010eTE, ZAVOLEJTE, NAPI\u0160TE N\u00c1M<\/a><\/div>\n<\/div>\n<\/div>\n<\/div>","protected":false},"excerpt":{"rendered":"","protected":false},"author":1,"featured_media":28987,"parent":0,"menu_order":4,"comment_status":"closed","ping_status":"closed","template":"","meta":{"footnotes":""},"difl_page_category":[],"class_list":["post-26705","page","type-page","status-publish","has-post-thumbnail","hentry"],"yoast_head":"<!-- This site is optimized with the Yoast SEO plugin v27.4 - https:\/\/yoast.com\/product\/yoast-seo-wordpress\/ -->\n<title>Slu\u017eby - Interi\u00e9ry Vega<\/title>\n<meta name=\"robots\" content=\"index, follow, max-snippet:-1, max-image-preview:large, max-video-preview:-1\" \/>\n<link rel=\"canonical\" href=\"https:\/\/www.kuchyne-vega.cz\/new\/sluzby\/\" \/>\n<meta property=\"og:locale\" content=\"cs_CZ\" \/>\n<meta property=\"og:type\" content=\"article\" \/>\n<meta property=\"og:title\" content=\"Slu\u017eby - Interi\u00e9ry Vega\" \/>\n<meta property=\"og:url\" content=\"https:\/\/www.kuchyne-vega.cz\/new\/sluzby\/\" \/>\n<meta property=\"og:site_name\" content=\"Interi\u00e9ry Vega\" \/>\n<meta property=\"article:modified_time\" content=\"2026-04-08T09:27:43+00:00\" \/>\n<meta property=\"og:image\" content=\"https:\/\/www.kuchyne-vega.cz\/new\/wp-content\/uploads\/2017\/12\/grado2.jpg\" \/>\n\t<meta property=\"og:image:width\" content=\"1500\" \/>\n\t<meta property=\"og:image:height\" content=\"990\" \/>\n\t<meta property=\"og:image:type\" content=\"image\/jpeg\" \/>\n<meta name=\"twitter:card\" content=\"summary_large_image\" \/>\n<script type=\"application\/ld+json\" class=\"yoast-schema-graph\">{\"@context\":\"https:\\\/\\\/schema.org\",\"@graph\":[{\"@type\":\"WebPage\",\"@id\":\"https:\\\/\\\/www.kuchyne-vega.cz\\\/new\\\/sluzby\\\/\",\"url\":\"https:\\\/\\\/www.kuchyne-vega.cz\\\/new\\\/sluzby\\\/\",\"name\":\"Slu\u017eby - Interi\u00e9ry Vega\",\"isPartOf\":{\"@id\":\"https:\\\/\\\/www.kuchyne-vega.cz\\\/new\\\/#website\"},\"primaryImageOfPage\":{\"@id\":\"https:\\\/\\\/www.kuchyne-vega.cz\\\/new\\\/sluzby\\\/#primaryimage\"},\"image\":{\"@id\":\"https:\\\/\\\/www.kuchyne-vega.cz\\\/new\\\/sluzby\\\/#primaryimage\"},\"thumbnailUrl\":\"https:\\\/\\\/www.kuchyne-vega.cz\\\/new\\\/wp-content\\\/uploads\\\/2017\\\/12\\\/grado2.jpg\",\"datePublished\":\"2016-12-16T14:14:23+00:00\",\"dateModified\":\"2026-04-08T09:27:43+00:00\",\"breadcrumb\":{\"@id\":\"https:\\\/\\\/www.kuchyne-vega.cz\\\/new\\\/sluzby\\\/#breadcrumb\"},\"inLanguage\":\"cs\",\"potentialAction\":[{\"@type\":\"ReadAction\",\"target\":[\"https:\\\/\\\/www.kuchyne-vega.cz\\\/new\\\/sluzby\\\/\"]}]},{\"@type\":\"ImageObject\",\"inLanguage\":\"cs\",\"@id\":\"https:\\\/\\\/www.kuchyne-vega.cz\\\/new\\\/sluzby\\\/#primaryimage\",\"url\":\"https:\\\/\\\/www.kuchyne-vega.cz\\\/new\\\/wp-content\\\/uploads\\\/2017\\\/12\\\/grado2.jpg\",\"contentUrl\":\"https:\\\/\\\/www.kuchyne-vega.cz\\\/new\\\/wp-content\\\/uploads\\\/2017\\\/12\\\/grado2.jpg\",\"width\":1500,\"height\":990,\"caption\":\"Ob\u00fdvac\u00ed st\u011bna Grado\"},{\"@type\":\"BreadcrumbList\",\"@id\":\"https:\\\/\\\/www.kuchyne-vega.cz\\\/new\\\/sluzby\\\/#breadcrumb\",\"itemListElement\":[{\"@type\":\"ListItem\",\"position\":1,\"name\":\"\u00davod\",\"item\":\"https:\\\/\\\/www.kuchyne-vega.cz\\\/new\\\/\"},{\"@type\":\"ListItem\",\"position\":2,\"name\":\"Slu\u017eby\"}]},{\"@type\":\"WebSite\",\"@id\":\"https:\\\/\\\/www.kuchyne-vega.cz\\\/new\\\/#website\",\"url\":\"https:\\\/\\\/www.kuchyne-vega.cz\\\/new\\\/\",\"name\":\"Interi\u00e9ry Vega\",\"description\":\"N\u00e1bytek a kuchyn\u011b pro V\u00e1\u0161 domov\",\"potentialAction\":[{\"@type\":\"SearchAction\",\"target\":{\"@type\":\"EntryPoint\",\"urlTemplate\":\"https:\\\/\\\/www.kuchyne-vega.cz\\\/new\\\/?s={search_term_string}\"},\"query-input\":{\"@type\":\"PropertyValueSpecification\",\"valueRequired\":true,\"valueName\":\"search_term_string\"}}],\"inLanguage\":\"cs\"}]}<\/script>\n<!-- \/ Yoast SEO plugin. -->","yoast_head_json":{"title":"Slu\u017eby - Interi\u00e9ry Vega","robots":{"index":"index","follow":"follow","max-snippet":"max-snippet:-1","max-image-preview":"max-image-preview:large","max-video-preview":"max-video-preview:-1"},"canonical":"https:\/\/www.kuchyne-vega.cz\/new\/sluzby\/","og_locale":"cs_CZ","og_type":"article","og_title":"Slu\u017eby - Interi\u00e9ry Vega","og_url":"https:\/\/www.kuchyne-vega.cz\/new\/sluzby\/","og_site_name":"Interi\u00e9ry Vega","article_modified_time":"2026-04-08T09:27:43+00:00","og_image":[{"width":1500,"height":990,"url":"https:\/\/www.kuchyne-vega.cz\/new\/wp-content\/uploads\/2017\/12\/grado2.jpg","type":"image\/jpeg"}],"twitter_card":"summary_large_image","schema":{"@context":"https:\/\/schema.org","@graph":[{"@type":"WebPage","@id":"https:\/\/www.kuchyne-vega.cz\/new\/sluzby\/","url":"https:\/\/www.kuchyne-vega.cz\/new\/sluzby\/","name":"Slu\u017eby - Interi\u00e9ry Vega","isPartOf":{"@id":"https:\/\/www.kuchyne-vega.cz\/new\/#website"},"primaryImageOfPage":{"@id":"https:\/\/www.kuchyne-vega.cz\/new\/sluzby\/#primaryimage"},"image":{"@id":"https:\/\/www.kuchyne-vega.cz\/new\/sluzby\/#primaryimage"},"thumbnailUrl":"https:\/\/www.kuchyne-vega.cz\/new\/wp-content\/uploads\/2017\/12\/grado2.jpg","datePublished":"2016-12-16T14:14:23+00:00","dateModified":"2026-04-08T09:27:43+00:00","breadcrumb":{"@id":"https:\/\/www.kuchyne-vega.cz\/new\/sluzby\/#breadcrumb"},"inLanguage":"cs","potentialAction":[{"@type":"ReadAction","target":["https:\/\/www.kuchyne-vega.cz\/new\/sluzby\/"]}]},{"@type":"ImageObject","inLanguage":"cs","@id":"https:\/\/www.kuchyne-vega.cz\/new\/sluzby\/#primaryimage","url":"https:\/\/www.kuchyne-vega.cz\/new\/wp-content\/uploads\/2017\/12\/grado2.jpg","contentUrl":"https:\/\/www.kuchyne-vega.cz\/new\/wp-content\/uploads\/2017\/12\/grado2.jpg","width":1500,"height":990,"caption":"Ob\u00fdvac\u00ed st\u011bna Grado"},{"@type":"BreadcrumbList","@id":"https:\/\/www.kuchyne-vega.cz\/new\/sluzby\/#breadcrumb","itemListElement":[{"@type":"ListItem","position":1,"name":"\u00davod","item":"https:\/\/www.kuchyne-vega.cz\/new\/"},{"@type":"ListItem","position":2,"name":"Slu\u017eby"}]},{"@type":"WebSite","@id":"https:\/\/www.kuchyne-vega.cz\/new\/#website","url":"https:\/\/www.kuchyne-vega.cz\/new\/","name":"Interi\u00e9ry Vega","description":"N\u00e1bytek a kuchyn\u011b pro V\u00e1\u0161 domov","potentialAction":[{"@type":"SearchAction","target":{"@type":"EntryPoint","urlTemplate":"https:\/\/www.kuchyne-vega.cz\/new\/?s={search_term_string}"},"query-input":{"@type":"PropertyValueSpecification","valueRequired":true,"valueName":"search_term_string"}}],"inLanguage":"cs"}]}},"_links":{"self":[{"href":"https:\/\/www.kuchyne-vega.cz\/new\/wp-json\/wp\/v2\/pages\/26705","targetHints":{"allow":["GET"]}}],"collection":[{"href":"https:\/\/www.kuchyne-vega.cz\/new\/wp-json\/wp\/v2\/pages"}],"about":[{"href":"https:\/\/www.kuchyne-vega.cz\/new\/wp-json\/wp\/v2\/types\/page"}],"author":[{"embeddable":true,"href":"https:\/\/www.kuchyne-vega.cz\/new\/wp-json\/wp\/v2\/users\/1"}],"replies":[{"embeddable":true,"href":"https:\/\/www.kuchyne-vega.cz\/new\/wp-json\/wp\/v2\/comments?post=26705"}],"version-history":[{"count":38,"href":"https:\/\/www.kuchyne-vega.cz\/new\/wp-json\/wp\/v2\/pages\/26705\/revisions"}],"predecessor-version":[{"id":282696,"href":"https:\/\/www.kuchyne-vega.cz\/new\/wp-json\/wp\/v2\/pages\/26705\/revisions\/282696"}],"wp:featuredmedia":[{"embeddable":true,"href":"https:\/\/www.kuchyne-vega.cz\/new\/wp-json\/wp\/v2\/media\/28987"}],"wp:attachment":[{"href":"https:\/\/www.kuchyne-vega.cz\/new\/wp-json\/wp\/v2\/media?parent=26705"}],"wp:term":[{"taxonomy":"difl_page_category","embeddable":true,"href":"https:\/\/www.kuchyne-vega.cz\/new\/wp-json\/wp\/v2\/difl_page_category?post=26705"}],"curies":[{"name":"wp","href":"https:\/\/api.w.org\/{rel}","templated":true}]}}